{"id":14,"date":"2022-01-13T16:13:07","date_gmt":"2022-01-13T16:13:07","guid":{"rendered":"https:\/\/usaqmasinlari.az\/?page_id=14"},"modified":"2022-01-13T16:13:07","modified_gmt":"2022-01-13T16:13:07","slug":"geri-qaytarilma","status":"publish","type":"page","link":"https:\/\/usaqmasinlari.az\/az\/geri-qaytarilma\/","title":{"rendered":"Geri qaytar\u0131lma"},"content":{"rendered":"<p>Al\u0131nan m\u0259hsullar qap\u0131da kuryerl\u0259r t\u0259r\u0259find\u0259n siz\u0259 t\u0259hfil verilir. Bu zaman b\u00fct\u00fcn detallar yoxlan\u0131l\u0131r. Bundan \u0259lav\u0259 olaraq is\u0259 h\u0259r bir m\u0259hsul bizim \u0259sas anbar\u0131m\u0131zdan siz\u0259 g\u00f6nd\u0259rilm\u0259 \u00fc\u00e7\u00fcn haz\u0131rlanark\u0259n bizim m\u00fct\u0259x\u0259ssisl\u0259rimiz t\u0259r\u0259find\u0259n yoxlan\u0131l\u0131b kuryer \u015firk\u0259tin\u0259 t\u0259hvil verilirki, bu zamanda yenid\u0259n onlar t\u0259r\u0259find\u0259nd\u0259 problemin olub olmamas\u0131na uy\u011fun olaraq yoxlama apar\u0131l\u0131r.\u00a0<\/p>\n<p>H\u0259r hans\u0131 bir \u015fikay\u0259tiniz olduqda is\u0259 bizim \u0259laq\u0259 n\u00f6mr\u0259l\u0259rimiz\u0259 yaza v\u0259 ya z\u0259ng ed\u0259 bil\u0259rsiniz. M\u0259hsulu \u0259ld\u0259 etdiyiniz g\u00fcn \u0259rzind\u0259 h\u0259r hans\u0131 problem olarsa qaytar\u0131lmas\u0131 h\u0259m\u0259n g\u00fcn v\u0259 ya sabah\u0131 yerin\u0259 yetirilir.\u00a0<\/p>\n<p>G\u00f6nd\u0259ril\u0259n v\u0259 ya veril\u0259n \u00f6d\u0259ni\u015f is\u0259 yenid\u0259n siz\u0259 qaytar\u0131l\u0131r.\u00a0<\/p>","protected":false},"excerpt":{"rendered":"<p>Al\u0131nan m\u0259hsullar qap\u0131da kuryerl\u0259r t\u0259r\u0259find\u0259n siz\u0259 t\u0259hfil verilir. Bu zaman b\u00fct\u00fcn detallar yoxlan\u0131l\u0131r. Bundan \u0259lav\u0259 olaraq is\u0259 h\u0259r bir m\u0259hsul bizim \u0259sas anbar\u0131m\u0131zdan siz\u0259 g\u00f6nd\u0259rilm\u0259 \u00fc\u00e7\u00fcn haz\u0131rlanark\u0259n bizim m\u00fct\u0259x\u0259ssisl\u0259rimiz t\u0259r\u0259find\u0259n yoxlan\u0131l\u0131b kuryer \u015firk\u0259tin\u0259 t\u0259hvil verilirki, bu zamanda yenid\u0259n onlar t\u0259r\u0259find\u0259nd\u0259 problemin olub olmamas\u0131na uy\u011fun olaraq yoxlama apar\u0131l\u0131r.\u00a0 H\u0259r hans\u0131 bir \u015fikay\u0259tiniz olduqda is\u0259 bizim \u0259laq\u0259 [&hellip;]<\/p>","protected":false},"author":1,"featured_media":0,"parent":0,"menu_order":0,"comment_status":"closed","ping_status":"closed","template":"","meta":{"footnotes":""},"class_list":["post-14","page","type-page","status-publish","hentry"],"_links":{"self":[{"href":"https:\/\/usaqmasinlari.az\/az\/wp-json\/wp\/v2\/pages\/14","targetHints":{"allow":["GET"]}}],"collection":[{"href":"https:\/\/usaqmasinlari.az\/az\/wp-json\/wp\/v2\/pages"}],"about":[{"href":"https:\/\/usaqmasinlari.az\/az\/wp-json\/wp\/v2\/types\/page"}],"author":[{"embeddable":true,"href":"https:\/\/usaqmasinlari.az\/az\/wp-json\/wp\/v2\/users\/1"}],"replies":[{"embeddable":true,"href":"https:\/\/usaqmasinlari.az\/az\/wp-json\/wp\/v2\/comments?post=14"}],"version-history":[{"count":0,"href":"https:\/\/usaqmasinlari.az\/az\/wp-json\/wp\/v2\/pages\/14\/revisions"}],"wp:attachment":[{"href":"https:\/\/usaqmasinlari.az\/az\/wp-json\/wp\/v2\/media?parent=14"}],"curies":[{"name":"wp","href":"https:\/\/api.w.org\/{rel}","templated":true}]}}