{"id":3553,"date":"2022-01-06T09:49:28","date_gmt":"2022-01-06T09:49:28","guid":{"rendered":"https:\/\/usaqmasinlari.az\/?post_type=product&#038;p=3553"},"modified":"2024-02-18T20:05:25","modified_gmt":"2024-02-18T20:05:25","slug":"lexus-lx570","status":"publish","type":"product","link":"https:\/\/usaqmasinlari.az\/az\/lexus-lx570\/","title":{"rendered":"Lexus LX570 Qara"},"content":{"rendered":"","protected":false},"excerpt":{"rendered":"<p>Lexus LX570 &#8211; 750 azn<br \/>\n\ud83d\udccc F\u0259rdi v\u0259 uzaqdan idar\u0259etm\u0259 imkan\u0131<br \/>\n\ud83d\udccc Komfortlu oturacaq sistemi<br \/>\n\ud83d\udd29 4 Amortizasiyal\u0131 asq\u0131 sistemi<br \/>\n\ud83c\udfa8 R\u0259ng:Qara\/ Q\u0131rm\u0131z\u0131<br \/>\n\ud83c\udd98 T\u0259hl\u00fck\u0259siz yol s\u00fcr\u00fc\u015f\u00fc<br \/>\n\ud83d\udccc Arxa v\u0259 \u00f6n faralar\u0131n i\u015f\u0131qland\u0131r\u0131lmas\u0131<br \/>\n\ud83c\udfbc USB portdan musiqi d\u0259st\u0259yi<br \/>\n\ud83d\udcbe TF kart portdan musiqi d\u0259st\u0259yi<br \/>\n\ud83d\udccc A\u00e7arla i\u015f\u0259 salma<\/p>\n<p>\u2b50\u2b50\u2b50\u2b50\u2b50\u2b50\u2b50\u2b50\u2b50\u2b50\u2b50\u2b50\u2b50\u2b50\u2b50<\/p>\n<p>\ud83d\udd0b Batareya: 12V 10Ah<br \/>\n\ud83d\udcaa \u00c7\u0259ki g\u00f6t\u00fcrm\u0259 qabiliyy\u0259ti: 45 kq-a q\u0259d\u0259r<br \/>\n\u26f0\ufe0f \ud83d\udea64 m\u00fch\u0259rrik 4&#215;4 v\u0259 4&#215;2 funksiyas\u0131<br \/>\n\ud83c\udfce\ufe0f2x45W \u0259sas m\u00fch\u0259rrik, \u00f6nd\u0259 is\u0259 2x30W<br \/>\n\ud83d\udccc Qal\u0131n rezin t\u0259k\u0259rl\u0259r<br \/>\n\ud83d\udccc \u0130stifad\u0259 \u00fc\u00e7\u00fcn n\u0259z\u0259rd\u0259 tutulan ya\u015f h\u0259ddi: 1-7 ya\u015f<br \/>\n\ud83d\udccf \u00d6l\u00e7\u00fcl\u0259ri: 134\u00d784\u00d764sm<br \/>\n\ud83d\udce6\u00c7atd\u0131r\u0131lma \u015f\u0259h\u0259r daxili pulsuzdur<\/p>","protected":false},"featured_media":3554,"comment_status":"open","ping_status":"closed","template":"","meta":[],"product_brand":[],"product_cat":[15,86,88,114,112,113,118,115,116],"product_tag":[103],"class_list":{"0":"post-3553","1":"product","2":"type-product","3":"status-publish","4":"has-post-thumbnail","6":"product_cat-umumi","7":"product_cat-elektrik-masinlar","8":"product_cat-endirimler","9":"product_cat-sederek-usaq-masinlari","10":"product_cat-usaq-masinlari-qiymeti","11":"product_cat-usaq-masinlari-satisi","12":"product_cat-usaq-minik-masinlari","13":"product_cat-usaq-ucun-masinlar","14":"product_cat-usaq-ucun-park-masinlari","15":"product_tag-lexus","17":"first","18":"instock","19":"featured","20":"shipping-taxable","21":"purchasable","22":"product-type-simple"},"_links":{"self":[{"href":"https:\/\/usaqmasinlari.az\/az\/wp-json\/wp\/v2\/product\/3553","targetHints":{"allow":["GET"]}}],"collection":[{"href":"https:\/\/usaqmasinlari.az\/az\/wp-json\/wp\/v2\/product"}],"about":[{"href":"https:\/\/usaqmasinlari.az\/az\/wp-json\/wp\/v2\/types\/product"}],"replies":[{"embeddable":true,"href":"https:\/\/usaqmasinlari.az\/az\/wp-json\/wp\/v2\/comments?post=3553"}],"wp:featuredmedia":[{"embeddable":true,"href":"https:\/\/usaqmasinlari.az\/az\/wp-json\/wp\/v2\/media\/3554"}],"wp:attachment":[{"href":"https:\/\/usaqmasinlari.az\/az\/wp-json\/wp\/v2\/media?parent=3553"}],"wp:term":[{"taxonomy":"product_brand","embeddable":true,"href":"https:\/\/usaqmasinlari.az\/az\/wp-json\/wp\/v2\/product_brand?post=3553"},{"taxonomy":"product_cat","embeddable":true,"href":"https:\/\/usaqmasinlari.az\/az\/wp-json\/wp\/v2\/product_cat?post=3553"},{"taxonomy":"product_tag","embeddable":true,"href":"https:\/\/usaqmasinlari.az\/az\/wp-json\/wp\/v2\/product_tag?post=3553"}],"curies":[{"name":"wp","href":"https:\/\/api.w.org\/{rel}","templated":true}]}}