{"id":3566,"date":"2022-01-06T10:25:57","date_gmt":"2022-01-06T10:25:57","guid":{"rendered":"https:\/\/usaqmasinlari.az\/?post_type=product&#038;p=3566"},"modified":"2023-06-30T17:16:09","modified_gmt":"2023-06-30T17:16:09","slug":"range-rover-evoque","status":"publish","type":"product","link":"https:\/\/usaqmasinlari.az\/az\/range-rover-evoque\/","title":{"rendered":"Range Rover Evoque"},"content":{"rendered":"","protected":false},"excerpt":{"rendered":"<p>\ud83d\udcccD\u0259ri v\u0259 Komfortlu oturacaq sistemi<br \/>\n\u2699\ufe0fT\u0259k\u0259r: Rezin<br \/>\n\ud83d\udea64 m\u00fch\u0259rrik 4&#215;4 v\u0259 4&#215;2 funksiyas\u0131<br \/>\n\ud83c\udfce\ufe0f2x45W \u0259sas m\u00fch\u0259rrik, \u00f6nd\u0259 is\u0259 2x30W<br \/>\n\ud83c\udfa8 R\u0259ng: Boz, Q\u0131rm\u0131z\u0131, Qara<br \/>\n\ud83d\udccc F\u0259rdi v\u0259 uzaqdan idar\u0259etm\u0259 imkan\u0131<br \/>\n\ud83c\udd98 T\u0259hl\u00fck\u0259siz yol s\u00fcr\u00fc\u015f\u00fc<br \/>\n\ud83d\udccc Arxa v\u0259 \u00f6n faralar\u0131n i\u015f\u0131qland\u0131r\u0131lmas\u0131<br \/>\n\ud83c\udfa4 Aux portdan musiqi d\u0259st\u0259yi<br \/>\n\ud83c\udfbc USB portdan musiqi d\u0259st\u0259yi<br \/>\n\ud83d\udcbe TF kart portdan musiqi d\u0259st\u0259yi<br \/>\n\ud83d\udccc Start\/Stop: Keyles Go<br \/>\n&#8212;&#8212;&#8212;&#8212;&#8212;&#8212;&#8212;&#8212;&#8212;&#8212;&#8212;&#8212;&#8212;&#8212;&#8212;-<br \/>\n\ud83d\udd0b Batareya: 12V 9Ah<br \/>\n\ud83d\ude80 S\u00fcr\u0259t: 2,5-6 km\/saat<br \/>\n\ud83d\udcaa \u00c7\u0259ki g\u00f6t\u00fcrm\u0259 qabiliyy\u0259ti: 35 kq-a q\u0259d\u0259r<br \/>\n\ud83d\udccc \u0130stifad\u0259 \u00fc\u00e7\u00fcn n\u0259z\u0259rd\u0259 tutulan ya\u015f h\u0259ddi: 1-6 ya\u015f<br \/>\n\ud83d\udccf \u00d6l\u00e7\u00fcl\u0259ri: 108\u00d767\u00d754sm<br \/>\n\u2696\ufe0f \u00c7\u0259kisi: 17KG<br \/>\n\u23f3 Batareya dolma m\u00fcdd\u0259ti: 4-5 saat<br \/>\n\u00c7atd\u0131r\u0131lma \u015f\u0259h\u0259r daxili pulsuzdur<br \/>\n&#8212;&#8212;&#8212;&#8212;&#8212;&#8212;&#8212;&#8212;&#8212;&#8212;&#8212;&#8212;&#8212;&#8212;&#8212;-<br \/>\n\ud83d\udd0b\u041c\u0430\u043a\u0441. \u0432\u0440\u0435\u043c\u044f \u043d\u0435\u043f\u0440\u0435\u0440\u044b\u0432\u043d\u043e\u0439 \u0440\u0430\u0431\u043e\u0442\u044b \u043d\u0430 \u043e\u0434\u043d\u043e\u043c \u0437\u0430\u0440\u044f\u0434\u0435: 2 \u0447\u0430\u0441<br \/>\n\ud83d\udea6\u041c\u0430\u043a\u0441. \u0440\u0430\u0441\u0441\u0442\u043e\u044f\u043d\u0438\u0435 \u043d\u0430 \u043e\u0434\u043d\u043e\u043c \u0437\u0430\u0440\u044f\u0434\u0435 (\u043a\u043c): 10\u043a\u043c<br \/>\n\u2696\ufe0f\u0412\u0435\u0441 \u0441 \u0443\u043f\u0430\u043a\u043e\u0432\u043a\u043e\u0439 (\u043a\u0433): 17 \u043a\u0433<br \/>\n\ud83d\udcaa\u041d\u0430\u0433\u0440\u0443\u0437\u043a\u0430 \u043c\u0430\u043a\u0441\u0438\u043c\u0430\u043b\u044c\u043d\u0430\u044f: 35 \u043a\u0433<\/p>","protected":false},"featured_media":3569,"comment_status":"open","ping_status":"closed","template":"","meta":[],"product_brand":[],"product_cat":[86,88,117,114,112,113,118,115,116],"product_tag":[47],"class_list":{"0":"post-3566","1":"product","2":"type-product","3":"status-publish","4":"has-post-thumbnail","6":"product_cat-elektrik-masinlar","7":"product_cat-endirimler","8":"product_cat-pultlu-usaq-masinlari","9":"product_cat-sederek-usaq-masinlari","10":"product_cat-usaq-masinlari-qiymeti","11":"product_cat-usaq-masinlari-satisi","12":"product_cat-usaq-minik-masinlari","13":"product_cat-usaq-ucun-masinlar","14":"product_cat-usaq-ucun-park-masinlari","15":"product_tag-range-rover","17":"first","18":"instock","19":"sale","20":"shipping-taxable","21":"purchasable","22":"product-type-simple"},"_links":{"self":[{"href":"https:\/\/usaqmasinlari.az\/az\/wp-json\/wp\/v2\/product\/3566","targetHints":{"allow":["GET"]}}],"collection":[{"href":"https:\/\/usaqmasinlari.az\/az\/wp-json\/wp\/v2\/product"}],"about":[{"href":"https:\/\/usaqmasinlari.az\/az\/wp-json\/wp\/v2\/types\/product"}],"replies":[{"embeddable":true,"href":"https:\/\/usaqmasinlari.az\/az\/wp-json\/wp\/v2\/comments?post=3566"}],"wp:featuredmedia":[{"embeddable":true,"href":"https:\/\/usaqmasinlari.az\/az\/wp-json\/wp\/v2\/media\/3569"}],"wp:attachment":[{"href":"https:\/\/usaqmasinlari.az\/az\/wp-json\/wp\/v2\/media?parent=3566"}],"wp:term":[{"taxonomy":"product_brand","embeddable":true,"href":"https:\/\/usaqmasinlari.az\/az\/wp-json\/wp\/v2\/product_brand?post=3566"},{"taxonomy":"product_cat","embeddable":true,"href":"https:\/\/usaqmasinlari.az\/az\/wp-json\/wp\/v2\/product_cat?post=3566"},{"taxonomy":"product_tag","embeddable":true,"href":"https:\/\/usaqmasinlari.az\/az\/wp-json\/wp\/v2\/product_tag?post=3566"}],"curies":[{"name":"wp","href":"https:\/\/api.w.org\/{rel}","templated":true}]}}