{"id":3663,"date":"2022-01-13T19:04:56","date_gmt":"2022-01-13T19:04:56","guid":{"rendered":"https:\/\/usaqmasinlari.az\/?post_type=product&#038;p=3663"},"modified":"2023-06-30T15:26:44","modified_gmt":"2023-06-30T15:26:44","slug":"ford-mustang-red","status":"publish","type":"product","link":"https:\/\/usaqmasinlari.az\/az\/ford-mustang-red\/","title":{"rendered":"Ford Mustang &#8211; Red"},"content":{"rendered":"","protected":false},"excerpt":{"rendered":"<p>F\u0259rdi v\u0259 uzaqdan idar\u0259etm\u0259 imkan\u0131<br \/>\n<img decoding=\"async\" class=\"emoji\" role=\"img\" draggable=\"false\" src=\"https:\/\/s.w.org\/images\/core\/emoji\/13.1.0\/svg\/1f4cc.svg\" alt=\"\ud83d\udccc\" \/>\u00a0Komfortlu oturacaq sistemi<br \/>\n<img decoding=\"async\" class=\"emoji\" role=\"img\" draggable=\"false\" src=\"https:\/\/s.w.org\/images\/core\/emoji\/13.1.0\/svg\/1f3a8.svg\" alt=\"\ud83c\udfa8\" \/>\u00a0R\u0259ng: Q\u0131rm\u0131z\u0131 \/ Qara<br \/>\n<img decoding=\"async\" class=\"emoji\" role=\"img\" draggable=\"false\" src=\"https:\/\/s.w.org\/images\/core\/emoji\/13.1.0\/svg\/1f198.svg\" alt=\"\ud83c\udd98\" \/>\u00a0T\u0259hl\u00fck\u0259siz yol s\u00fcr\u00fc\u015f\u00fc<br \/>\n<img decoding=\"async\" class=\"emoji\" role=\"img\" draggable=\"false\" src=\"https:\/\/s.w.org\/images\/core\/emoji\/13.1.0\/svg\/1f4cc.svg\" alt=\"\ud83d\udccc\" \/>\u00a0Arxa v\u0259 \u00f6n faralar\u0131n i\u015f\u0131qland\u0131r\u0131lmas\u0131<br \/>\n<img decoding=\"async\" class=\"emoji\" role=\"img\" draggable=\"false\" src=\"https:\/\/s.w.org\/images\/core\/emoji\/13.1.0\/svg\/1f3a4.svg\" alt=\"\ud83c\udfa4\" \/>\u00a0Aux portdan musiqi d\u0259st\u0259yi<br \/>\n<img decoding=\"async\" class=\"emoji\" role=\"img\" draggable=\"false\" src=\"https:\/\/s.w.org\/images\/core\/emoji\/13.1.0\/svg\/1f3bc.svg\" alt=\"\ud83c\udfbc\" \/>\u00a0USB portdan musiqi d\u0259st\u0259yi<br \/>\n<img decoding=\"async\" class=\"emoji\" role=\"img\" draggable=\"false\" src=\"https:\/\/s.w.org\/images\/core\/emoji\/13.1.0\/svg\/1f4be.svg\" alt=\"\ud83d\udcbe\" \/>\u00a0TF kart portdan musiqi d\u0259st\u0259yi<br \/>\n<img decoding=\"async\" class=\"emoji\" role=\"img\" draggable=\"false\" src=\"https:\/\/s.w.org\/images\/core\/emoji\/13.1.0\/svg\/1f4cc.svg\" alt=\"\ud83d\udccc\" \/>\u00a0Start\/Stop: Keyles Go<br \/>\n\u2014\u2014\u2014\u2014\u2014\u2014\u2014\u2014\u2014\u2014\u2014\u2014\u2014\u2014\u2014-<br \/>\n<img decoding=\"async\" class=\"emoji\" role=\"img\" draggable=\"false\" src=\"https:\/\/s.w.org\/images\/core\/emoji\/13.1.0\/svg\/1f50b.svg\" alt=\"\ud83d\udd0b\" \/>\u00a0Batareya: 6V 4,5Ah<br \/>\n<img decoding=\"async\" class=\"emoji\" role=\"img\" draggable=\"false\" src=\"https:\/\/s.w.org\/images\/core\/emoji\/13.1.0\/svg\/1f680.svg\" alt=\"\ud83d\ude80\" \/>\u00a0S\u00fcr\u0259t: 2.5-4.2 km\/saat<br \/>\n<img decoding=\"async\" class=\"emoji\" role=\"img\" draggable=\"false\" src=\"https:\/\/s.w.org\/images\/core\/emoji\/13.1.0\/svg\/1f4aa.svg\" alt=\"\ud83d\udcaa\" \/>\u00a0\u00c7\u0259ki g\u00f6t\u00fcrm\u0259 qabiliyy\u0259ti: 25 kq-a q\u0259d\u0259r<br \/>\n<img decoding=\"async\" class=\"emoji\" role=\"img\" draggable=\"false\" src=\"https:\/\/s.w.org\/images\/core\/emoji\/13.1.0\/svg\/1f4cc.svg\" alt=\"\ud83d\udccc\" \/>\u00a0\u0130stifad\u0259 \u00fc\u00e7\u00fcn n\u0259z\u0259rd\u0259 tutulan ya\u015f h\u0259ddi: 1-6 ya\u015f<br \/>\n<img decoding=\"async\" class=\"emoji\" role=\"img\" draggable=\"false\" src=\"https:\/\/s.w.org\/images\/core\/emoji\/13.1.0\/svg\/1f4cf.svg\" alt=\"\ud83d\udccf\" \/>\u00a0\u00d6l\u00e7\u00fcl\u0259ri: 110\u00d767\u00d746sm<br \/>\n<img decoding=\"async\" class=\"emoji\" role=\"img\" draggable=\"false\" src=\"https:\/\/s.w.org\/images\/core\/emoji\/13.1.0\/svg\/23f3.svg\" alt=\"\u23f3\" \/>\u00a0Batareya dolma m\u00fcdd\u0259ti: 4-5 saat<\/p>","protected":false},"featured_media":3664,"comment_status":"open","ping_status":"closed","template":"","meta":[],"product_brand":[],"product_cat":[15,86,117,114,71,112,113,118,115,116],"product_tag":[107],"class_list":{"0":"post-3663","1":"product","2":"type-product","3":"status-publish","4":"has-post-thumbnail","6":"product_cat-umumi","7":"product_cat-elektrik-masinlar","8":"product_cat-pultlu-usaq-masinlari","9":"product_cat-sederek-usaq-masinlari","10":"product_cat-ucuz-usaq-masinlari","11":"product_cat-usaq-masinlari-qiymeti","12":"product_cat-usaq-masinlari-satisi","13":"product_cat-usaq-minik-masinlari","14":"product_cat-usaq-ucun-masinlar","15":"product_cat-usaq-ucun-park-masinlari","16":"product_tag-ford","18":"first","19":"instock","20":"shipping-taxable","21":"purchasable","22":"product-type-simple"},"_links":{"self":[{"href":"https:\/\/usaqmasinlari.az\/az\/wp-json\/wp\/v2\/product\/3663","targetHints":{"allow":["GET"]}}],"collection":[{"href":"https:\/\/usaqmasinlari.az\/az\/wp-json\/wp\/v2\/product"}],"about":[{"href":"https:\/\/usaqmasinlari.az\/az\/wp-json\/wp\/v2\/types\/product"}],"replies":[{"embeddable":true,"href":"https:\/\/usaqmasinlari.az\/az\/wp-json\/wp\/v2\/comments?post=3663"}],"wp:featuredmedia":[{"embeddable":true,"href":"https:\/\/usaqmasinlari.az\/az\/wp-json\/wp\/v2\/media\/3664"}],"wp:attachment":[{"href":"https:\/\/usaqmasinlari.az\/az\/wp-json\/wp\/v2\/media?parent=3663"}],"wp:term":[{"taxonomy":"product_brand","embeddable":true,"href":"https:\/\/usaqmasinlari.az\/az\/wp-json\/wp\/v2\/product_brand?post=3663"},{"taxonomy":"product_cat","embeddable":true,"href":"https:\/\/usaqmasinlari.az\/az\/wp-json\/wp\/v2\/product_cat?post=3663"},{"taxonomy":"product_tag","embeddable":true,"href":"https:\/\/usaqmasinlari.az\/az\/wp-json\/wp\/v2\/product_tag?post=3663"}],"curies":[{"name":"wp","href":"https:\/\/api.w.org\/{rel}","templated":true}]}}