{"id":3691,"date":"2022-01-13T19:52:56","date_gmt":"2022-01-13T19:52:56","guid":{"rendered":"https:\/\/usaqmasinlari.az\/?post_type=product&#038;p=3691"},"modified":"2022-07-06T09:35:24","modified_gmt":"2022-07-06T09:35:24","slug":"buggy-dirt-rider-goy","status":"publish","type":"product","link":"https:\/\/usaqmasinlari.az\/az\/buggy-dirt-rider-goy\/","title":{"rendered":"Buggy Dirt Rider"},"content":{"rendered":"","protected":false},"excerpt":{"rendered":"<p>\ud83d\udccc F\u0259rdi v\u0259 uzaqdan idar\u0259etm\u0259 imkan\u0131<br \/>\n\ud83d\udccc Komfortlu oturacaq sistemi<br \/>\n\ud83c\udfa8 R\u0259ng: Mavi \/ A\u011f \/ Q\u0131rm\u0131z\u0131<br \/>\n\ud83c\udd98 T\u0259hl\u00fck\u0259siz yol s\u00fcr\u00fc\u015f\u00fc<br \/>\n\ud83d\udccc Arxa v\u0259 \u00f6n faralar\u0131n i\u015f\u0131qland\u0131r\u0131lmas\u0131<br \/>\n\ud83c\udfa4 Aux portdan musiqi d\u0259st\u0259yi<br \/>\n\ud83c\udfbc USB portdan musiqi d\u0259st\u0259yi<br \/>\n\ud83d\udcbe TF kart portdan musiqi d\u0259st\u0259yi<br \/>\n\ud83d\udccc Start\/Stop: Keyles Go<br \/>\n&#8212;&#8212;&#8212;&#8212;&#8212;&#8212;&#8212;&#8212;&#8212;&#8212;&#8212;&#8212;&#8212;&#8212;&#8212;-<br \/>\n\ud83d\udd0b Batareya: 6V 4Ah<br \/>\n\ud83d\ude80 S\u00fcr\u0259t: 3,5 km\/saat<br \/>\n\ud83d\udcaa \u00c7\u0259ki g\u00f6t\u00fcrm\u0259 qabiliyy\u0259ti: 25 kq-a q\u0259d\u0259r<br \/>\n\ud83d\udccc \u0130stifad\u0259 \u00fc\u00e7\u00fcn n\u0259z\u0259rd\u0259 tutulan ya\u015f h\u0259ddi: 2-6 ya\u015f<br \/>\n\ud83d\udccf \u00d6l\u00e7\u00fcl\u0259ri: 112\u00d768\u00d765sm<br \/>\n\u23f3 Batareya dolma m\u00fcdd\u0259ti: 8-12 saat<br \/>\n\u00c7atd\u0131r\u0131lma \u015f\u0259h\u0259r daxili pulsuzdur<\/p>","protected":false},"featured_media":3701,"comment_status":"open","ping_status":"closed","template":"","meta":[],"product_brand":[],"product_cat":[86,117,114,71,112,113,118,115,116,119],"product_tag":[108],"class_list":{"0":"post-3691","1":"product","2":"type-product","3":"status-publish","4":"has-post-thumbnail","6":"product_cat-elektrik-masinlar","7":"product_cat-pultlu-usaq-masinlari","8":"product_cat-sederek-usaq-masinlari","9":"product_cat-ucuz-usaq-masinlari","10":"product_cat-usaq-masinlari-qiymeti","11":"product_cat-usaq-masinlari-satisi","12":"product_cat-usaq-minik-masinlari","13":"product_cat-usaq-ucun-masinlar","14":"product_cat-usaq-ucun-park-masinlari","15":"product_cat-usaq-ucun-polis-masinlari","16":"product_tag-off-rider","18":"first","19":"instock","20":"shipping-taxable","21":"purchasable","22":"product-type-simple"},"_links":{"self":[{"href":"https:\/\/usaqmasinlari.az\/az\/wp-json\/wp\/v2\/product\/3691","targetHints":{"allow":["GET"]}}],"collection":[{"href":"https:\/\/usaqmasinlari.az\/az\/wp-json\/wp\/v2\/product"}],"about":[{"href":"https:\/\/usaqmasinlari.az\/az\/wp-json\/wp\/v2\/types\/product"}],"replies":[{"embeddable":true,"href":"https:\/\/usaqmasinlari.az\/az\/wp-json\/wp\/v2\/comments?post=3691"}],"wp:featuredmedia":[{"embeddable":true,"href":"https:\/\/usaqmasinlari.az\/az\/wp-json\/wp\/v2\/media\/3701"}],"wp:attachment":[{"href":"https:\/\/usaqmasinlari.az\/az\/wp-json\/wp\/v2\/media?parent=3691"}],"wp:term":[{"taxonomy":"product_brand","embeddable":true,"href":"https:\/\/usaqmasinlari.az\/az\/wp-json\/wp\/v2\/product_brand?post=3691"},{"taxonomy":"product_cat","embeddable":true,"href":"https:\/\/usaqmasinlari.az\/az\/wp-json\/wp\/v2\/product_cat?post=3691"},{"taxonomy":"product_tag","embeddable":true,"href":"https:\/\/usaqmasinlari.az\/az\/wp-json\/wp\/v2\/product_tag?post=3691"}],"curies":[{"name":"wp","href":"https:\/\/api.w.org\/{rel}","templated":true}]}}