{"id":3737,"date":"2022-03-30T09:50:55","date_gmt":"2022-03-30T09:50:55","guid":{"rendered":"https:\/\/usaqmasinlari.az\/?post_type=product&#038;p=3737"},"modified":"2023-06-30T15:27:01","modified_gmt":"2023-06-30T15:27:01","slug":"ford-mustang-police","status":"publish","type":"product","link":"https:\/\/usaqmasinlari.az\/az\/ford-mustang-police\/","title":{"rendered":"Ford Mustang Polis"},"content":{"rendered":"","protected":false},"excerpt":{"rendered":"<p>\ud83d\udccc F\u0259rdi v\u0259 uzaqdan idar\u0259etm\u0259 imkan\u0131<br \/>\n\ud83d\udccc Komfortlu oturacaq sistemi<br \/>\n\ud83d\udccc T\u0259hl\u00fck\u0259siz yol s\u00fcr\u00fc\u015f\u00fc<br \/>\n\ud83d\udccc Arxa v\u0259 \u00f6n faralar\u0131n i\u015f\u0131qland\u0131r\u0131lmas\u0131<br \/>\n\ud83d\udccc Polis i\u015f\u0131qland\u0131rmalar\u0131n\u0131n aktiv i\u015fl\u0259m\u0259si<br \/>\n\ud83d\udccc USB portdan m\u00fcsiqi d\u0259st\u0259yi<br \/>\n\ud83d\udccc \u00c7\u0259ki g\u00f6t\u00fcrm\u0259 qabiliyy\u0259ti: 30 kq<br \/>\n\ud83d\udccc \u0130stifad\u0259 \u00fc\u00e7\u00fcn n\u0259z\u0259rd\u0259 tutulan ya\u015f h\u0259ddi: 1-6 ya\u015f<br \/>\n\ud83d\udccc \u00d6l\u00e7\u00fcl\u0259ri: 110\u00d762\u00d745sm<br \/>\n\ud83d\udccc Start\/Stop: Keyles Go<br \/>\n\ud83d\udccc Batareya dolma m\u00fcdd\u0259ti: 8-12 saat<\/p>","protected":false},"featured_media":3738,"comment_status":"open","ping_status":"closed","template":"","meta":[],"product_brand":[],"product_cat":[86,117,114,71,112,113,118,115,116,119],"product_tag":[107],"class_list":{"0":"post-3737","1":"product","2":"type-product","3":"status-publish","4":"has-post-thumbnail","6":"product_cat-elektrik-masinlar","7":"product_cat-pultlu-usaq-masinlari","8":"product_cat-sederek-usaq-masinlari","9":"product_cat-ucuz-usaq-masinlari","10":"product_cat-usaq-masinlari-qiymeti","11":"product_cat-usaq-masinlari-satisi","12":"product_cat-usaq-minik-masinlari","13":"product_cat-usaq-ucun-masinlar","14":"product_cat-usaq-ucun-park-masinlari","15":"product_cat-usaq-ucun-polis-masinlari","16":"product_tag-ford","18":"first","19":"instock","20":"sale","21":"shipping-taxable","22":"purchasable","23":"product-type-simple"},"_links":{"self":[{"href":"https:\/\/usaqmasinlari.az\/az\/wp-json\/wp\/v2\/product\/3737","targetHints":{"allow":["GET"]}}],"collection":[{"href":"https:\/\/usaqmasinlari.az\/az\/wp-json\/wp\/v2\/product"}],"about":[{"href":"https:\/\/usaqmasinlari.az\/az\/wp-json\/wp\/v2\/types\/product"}],"replies":[{"embeddable":true,"href":"https:\/\/usaqmasinlari.az\/az\/wp-json\/wp\/v2\/comments?post=3737"}],"wp:featuredmedia":[{"embeddable":true,"href":"https:\/\/usaqmasinlari.az\/az\/wp-json\/wp\/v2\/media\/3738"}],"wp:attachment":[{"href":"https:\/\/usaqmasinlari.az\/az\/wp-json\/wp\/v2\/media?parent=3737"}],"wp:term":[{"taxonomy":"product_brand","embeddable":true,"href":"https:\/\/usaqmasinlari.az\/az\/wp-json\/wp\/v2\/product_brand?post=3737"},{"taxonomy":"product_cat","embeddable":true,"href":"https:\/\/usaqmasinlari.az\/az\/wp-json\/wp\/v2\/product_cat?post=3737"},{"taxonomy":"product_tag","embeddable":true,"href":"https:\/\/usaqmasinlari.az\/az\/wp-json\/wp\/v2\/product_tag?post=3737"}],"curies":[{"name":"wp","href":"https:\/\/api.w.org\/{rel}","templated":true}]}}