{"id":3748,"date":"2022-03-30T10:03:57","date_gmt":"2022-03-30T10:03:57","guid":{"rendered":"https:\/\/usaqmasinlari.az\/?post_type=product&#038;p=3748"},"modified":"2022-03-30T10:03:57","modified_gmt":"2022-03-30T10:03:57","slug":"le-dou-ld128","status":"publish","type":"product","link":"https:\/\/usaqmasinlari.az\/az\/le-dou-ld128\/","title":{"rendered":"Le Dou LD128"},"content":{"rendered":"","protected":false},"excerpt":{"rendered":"<p>\ud83d\udccc F\u0259rdi v\u0259 uzaqdan idar\u0259etm\u0259 imkan\u0131<br \/>\n\ud83d\udccc Komfortlu oturacaq sistemi<br \/>\n\ud83c\udfa8 R\u0259ng: \u00c7\u0259hray\u0131 \/ Q\u0131rm\u0131z\u0131<br \/>\n\ud83c\udd98 T\u0259hl\u00fck\u0259siz yol s\u00fcr\u00fc\u015f\u00fc<br \/>\n\ud83d\udccc \u00d6n faralar\u0131n i\u015f\u0131qland\u0131r\u0131lmas\u0131<br \/>\n\ud83d\udccc T\u0259k\u0259r: B\u0259rk plasmas<br \/>\n\ud83c\udfa4 Aux portdan musiqi d\u0259st\u0259yi<br \/>\n\ud83c\udfbc USB portdan musiqi d\u0259st\u0259yi<br \/>\n\ud83d\udcbe TF kart portdan musiqi d\u0259st\u0259yi<br \/>\n\ud83d\udccc Start\/Stop: Keyles Go<br \/>\n&#8212;&#8212;&#8212;&#8212;&#8212;&#8212;&#8212;&#8212;&#8212;&#8212;&#8212;&#8212;&#8212;&#8212;&#8212;-<br \/>\n\ud83d\udd0b Batareya: 12V 5Ah<br \/>\n\ud83d\ude80 S\u00fcr\u0259t: 3,5-7 km\/saat<br \/>\n\ud83d\udcaa \u00c7\u0259ki g\u00f6t\u00fcrm\u0259 qabiliyy\u0259ti: 30 kq-a q\u0259d\u0259r<br \/>\n\ud83d\udccc \u0130stifad\u0259 \u00fc\u00e7\u00fcn n\u0259z\u0259rd\u0259 tutulan ya\u015f h\u0259ddi: 3-7 ya\u015f<br \/>\n\ud83d\udccf \u00d6l\u00e7\u00fcl\u0259ri: 107x57x41sm<br \/>\n\u23f3 Batareya dolma m\u00fcdd\u0259ti: 8-12 saat<\/p>","protected":false},"featured_media":3749,"comment_status":"open","ping_status":"closed","template":"","meta":[],"product_brand":[],"product_cat":[86,117,114,112,113,118,115,116],"product_tag":[],"class_list":{"0":"post-3748","1":"product","2":"type-product","3":"status-publish","4":"has-post-thumbnail","6":"product_cat-elektrik-masinlar","7":"product_cat-pultlu-usaq-masinlari","8":"product_cat-sederek-usaq-masinlari","9":"product_cat-usaq-masinlari-qiymeti","10":"product_cat-usaq-masinlari-satisi","11":"product_cat-usaq-minik-masinlari","12":"product_cat-usaq-ucun-masinlar","13":"product_cat-usaq-ucun-park-masinlari","15":"first","16":"instock","17":"shipping-taxable","18":"purchasable","19":"product-type-simple"},"_links":{"self":[{"href":"https:\/\/usaqmasinlari.az\/az\/wp-json\/wp\/v2\/product\/3748","targetHints":{"allow":["GET"]}}],"collection":[{"href":"https:\/\/usaqmasinlari.az\/az\/wp-json\/wp\/v2\/product"}],"about":[{"href":"https:\/\/usaqmasinlari.az\/az\/wp-json\/wp\/v2\/types\/product"}],"replies":[{"embeddable":true,"href":"https:\/\/usaqmasinlari.az\/az\/wp-json\/wp\/v2\/comments?post=3748"}],"wp:featuredmedia":[{"embeddable":true,"href":"https:\/\/usaqmasinlari.az\/az\/wp-json\/wp\/v2\/media\/3749"}],"wp:attachment":[{"href":"https:\/\/usaqmasinlari.az\/az\/wp-json\/wp\/v2\/media?parent=3748"}],"wp:term":[{"taxonomy":"product_brand","embeddable":true,"href":"https:\/\/usaqmasinlari.az\/az\/wp-json\/wp\/v2\/product_brand?post=3748"},{"taxonomy":"product_cat","embeddable":true,"href":"https:\/\/usaqmasinlari.az\/az\/wp-json\/wp\/v2\/product_cat?post=3748"},{"taxonomy":"product_tag","embeddable":true,"href":"https:\/\/usaqmasinlari.az\/az\/wp-json\/wp\/v2\/product_tag?post=3748"}],"curies":[{"name":"wp","href":"https:\/\/api.w.org\/{rel}","templated":true}]}}