{"id":3806,"date":"2022-03-31T08:02:01","date_gmt":"2022-03-31T08:02:01","guid":{"rendered":"https:\/\/usaqmasinlari.az\/?post_type=product&#038;p=3806"},"modified":"2022-07-06T09:31:51","modified_gmt":"2022-07-06T09:31:51","slug":"toyota-land-cruiser-qara","status":"publish","type":"product","link":"https:\/\/usaqmasinlari.az\/az\/toyota-land-cruiser-qara\/","title":{"rendered":"Toyota Land Cruiser Qara"},"content":{"rendered":"","protected":false},"excerpt":{"rendered":"<p>\ud83d\udccc F\u0259rdi v\u0259 uzaqdan idar\u0259etm\u0259 imkan\u0131<br \/>\n\ud83d\udcccD\u0259ri v\u0259 Komfortlu oturacaq sistemi<br \/>\n\ud83d\udd29 4 Amortizasiyal\u0131 asq\u0131 sistemi<br \/>\n\u2699\ufe0fT\u0259k\u0259r: Rezin<br \/>\n\ud83d\udea64 m\u00fch\u0259rrik<br \/>\n\ud83c\udfce\ufe0f2x45W \u0259sas m\u00fch\u0259rrik, \u00f6nd\u0259 is\u0259 2x30W<br \/>\n\ud83c\udfa8 R\u0259ng: A\u011f\/Qara<br \/>\n\ud83c\udd98 T\u0259hl\u00fck\u0259siz yol s\u00fcr\u00fc\u015f\u00fc<br \/>\n\ud83d\udccc Arxa v\u0259 \u00f6n faralar\u0131n i\u015f\u0131qland\u0131r\u0131lmas\u0131<br \/>\n\ud83c\udfa4 Aux portdan musiqi d\u0259st\u0259yi<br \/>\n\ud83c\udfbc USB portdan musiqi d\u0259st\u0259yi<br \/>\n\ud83d\udcbe TF kart portdan musiqi d\u0259st\u0259yi<br \/>\n\ud83d\udccc Start\/Stop: Keyles Go<br \/>\n&#8212;&#8212;&#8212;&#8212;&#8212;&#8212;&#8212;&#8212;&#8212;&#8212;&#8212;&#8212;&#8212;&#8212;&#8212;-<br \/>\n\ud83d\udd0b Batareya: 12V 9Ah<br \/>\n\ud83d\ude80 S\u00fcr\u0259t: 2,5-6 km\/saat<br \/>\n\ud83d\udcaa \u00c7\u0259ki g\u00f6t\u00fcrm\u0259 qabiliyy\u0259ti: 50 kq-a q\u0259d\u0259r<br \/>\n\ud83d\udccc \u0130stifad\u0259 \u00fc\u00e7\u00fcn n\u0259z\u0259rd\u0259 tutulan ya\u015f h\u0259ddi: 1-6 ya\u015f<br \/>\n\ud83d\udccf \u00d6l\u00e7\u00fcl\u0259ri: 121\u00d775\u00d758sm<br \/>\n\u2696\ufe0f \u00c7\u0259kisi: 21KG<br \/>\n\u23f3 Batareya dolma m\u00fcdd\u0259ti: 4-5 saat<\/p>","protected":false},"featured_media":3807,"comment_status":"open","ping_status":"closed","template":"","meta":[],"product_brand":[],"product_cat":[86,117,114,112,113,118,115,116],"product_tag":[91],"class_list":{"0":"post-3806","1":"product","2":"type-product","3":"status-publish","4":"has-post-thumbnail","6":"product_cat-elektrik-masinlar","7":"product_cat-pultlu-usaq-masinlari","8":"product_cat-sederek-usaq-masinlari","9":"product_cat-usaq-masinlari-qiymeti","10":"product_cat-usaq-masinlari-satisi","11":"product_cat-usaq-minik-masinlari","12":"product_cat-usaq-ucun-masinlar","13":"product_cat-usaq-ucun-park-masinlari","14":"product_tag-toyota","16":"first","17":"instock","18":"shipping-taxable","19":"purchasable","20":"product-type-simple"},"_links":{"self":[{"href":"https:\/\/usaqmasinlari.az\/az\/wp-json\/wp\/v2\/product\/3806","targetHints":{"allow":["GET"]}}],"collection":[{"href":"https:\/\/usaqmasinlari.az\/az\/wp-json\/wp\/v2\/product"}],"about":[{"href":"https:\/\/usaqmasinlari.az\/az\/wp-json\/wp\/v2\/types\/product"}],"replies":[{"embeddable":true,"href":"https:\/\/usaqmasinlari.az\/az\/wp-json\/wp\/v2\/comments?post=3806"}],"wp:featuredmedia":[{"embeddable":true,"href":"https:\/\/usaqmasinlari.az\/az\/wp-json\/wp\/v2\/media\/3807"}],"wp:attachment":[{"href":"https:\/\/usaqmasinlari.az\/az\/wp-json\/wp\/v2\/media?parent=3806"}],"wp:term":[{"taxonomy":"product_brand","embeddable":true,"href":"https:\/\/usaqmasinlari.az\/az\/wp-json\/wp\/v2\/product_brand?post=3806"},{"taxonomy":"product_cat","embeddable":true,"href":"https:\/\/usaqmasinlari.az\/az\/wp-json\/wp\/v2\/product_cat?post=3806"},{"taxonomy":"product_tag","embeddable":true,"href":"https:\/\/usaqmasinlari.az\/az\/wp-json\/wp\/v2\/product_tag?post=3806"}],"curies":[{"name":"wp","href":"https:\/\/api.w.org\/{rel}","templated":true}]}}