{"id":3842,"date":"2022-04-04T16:56:05","date_gmt":"2022-04-04T16:56:05","guid":{"rendered":"https:\/\/usaqmasinlari.az\/?post_type=product&#038;p=3842"},"modified":"2022-04-04T16:56:05","modified_gmt":"2022-04-04T16:56:05","slug":"mclaren-720s","status":"publish","type":"product","link":"https:\/\/usaqmasinlari.az\/az\/mclaren-720s\/","title":{"rendered":"Mclaren 720S"},"content":{"rendered":"","protected":false},"excerpt":{"rendered":"<p>\ud83d\udccc F\u0259rdi v\u0259 uzaqdan idar\u0259etm\u0259 imkan\u0131<br \/>\n\ud83d\udcccD\u0259ri v\u0259 SPORT oturacaqlar<br \/>\n\ud83c\udfce\ufe0fQay\u00e7\u0131 (yuxar\u0131 qatlanan) vakumlu qap\u0131 sistemi<br \/>\n\ud83c\udfa8 R\u0259ng: Qara\/ Q\u0131rm\u0131z\u0131\/ Nar\u0131nc\u0131\/ G\u00f6y<br \/>\n\ud83c\udd98 T\u0259hl\u00fck\u0259siz yol s\u00fcr\u00fc\u015f\u00fc<br \/>\n\ud83d\udccc Arxa v\u0259 \u00f6n faralar\u0131n i\u015f\u0131qland\u0131r\u0131lmas\u0131<br \/>\n\ud83c\udfa4 Aux portdan musiqi d\u0259st\u0259yi<br \/>\n\ud83c\udfbc USB portdan musiqi d\u0259st\u0259yi<br \/>\n\ud83d\udcbe TF kart portdan musiqi d\u0259st\u0259yi<br \/>\n\ud83d\udccc Start\/Stop: Keyles Go<br \/>\n&#8212;&#8212;&#8212;&#8212;&#8212;&#8212;&#8212;&#8212;&#8212;&#8212;&#8212;&#8212;&#8212;&#8212;&#8212;-<br \/>\n\ud83d\udd0b Batareya: 12V 9Ah<br \/>\n\ud83d\ude80 S\u00fcr\u0259t: 2,5-6 km\/saat<br \/>\n\ud83d\udcaa \u00c7\u0259ki g\u00f6t\u00fcrm\u0259 qabiliyy\u0259ti: 30 kq-a q\u0259d\u0259r<br \/>\n\ud83d\udccc \u0130stifad\u0259 \u00fc\u00e7\u00fcn n\u0259z\u0259rd\u0259 tutulan ya\u015f h\u0259ddi: 3-8 ya\u015f<br \/>\n\ud83d\udccf \u00d6l\u00e7\u00fcl\u0259ri: 132x77x50sm<br \/>\n\u23f3 Batareya dolma m\u00fcdd\u0259ti: 8-9 saat<\/p>","protected":false},"featured_media":3843,"comment_status":"open","ping_status":"closed","template":"","meta":[],"product_brand":[],"product_cat":[86,117,114,112,113,118,115,116],"product_tag":[124],"class_list":{"0":"post-3842","1":"product","2":"type-product","3":"status-publish","4":"has-post-thumbnail","6":"product_cat-elektrik-masinlar","7":"product_cat-pultlu-usaq-masinlari","8":"product_cat-sederek-usaq-masinlari","9":"product_cat-usaq-masinlari-qiymeti","10":"product_cat-usaq-masinlari-satisi","11":"product_cat-usaq-minik-masinlari","12":"product_cat-usaq-ucun-masinlar","13":"product_cat-usaq-ucun-park-masinlari","14":"product_tag-lamborghini","16":"first","17":"instock","18":"shipping-taxable","19":"purchasable","20":"product-type-simple"},"_links":{"self":[{"href":"https:\/\/usaqmasinlari.az\/az\/wp-json\/wp\/v2\/product\/3842","targetHints":{"allow":["GET"]}}],"collection":[{"href":"https:\/\/usaqmasinlari.az\/az\/wp-json\/wp\/v2\/product"}],"about":[{"href":"https:\/\/usaqmasinlari.az\/az\/wp-json\/wp\/v2\/types\/product"}],"replies":[{"embeddable":true,"href":"https:\/\/usaqmasinlari.az\/az\/wp-json\/wp\/v2\/comments?post=3842"}],"wp:featuredmedia":[{"embeddable":true,"href":"https:\/\/usaqmasinlari.az\/az\/wp-json\/wp\/v2\/media\/3843"}],"wp:attachment":[{"href":"https:\/\/usaqmasinlari.az\/az\/wp-json\/wp\/v2\/media?parent=3842"}],"wp:term":[{"taxonomy":"product_brand","embeddable":true,"href":"https:\/\/usaqmasinlari.az\/az\/wp-json\/wp\/v2\/product_brand?post=3842"},{"taxonomy":"product_cat","embeddable":true,"href":"https:\/\/usaqmasinlari.az\/az\/wp-json\/wp\/v2\/product_cat?post=3842"},{"taxonomy":"product_tag","embeddable":true,"href":"https:\/\/usaqmasinlari.az\/az\/wp-json\/wp\/v2\/product_tag?post=3842"}],"curies":[{"name":"wp","href":"https:\/\/api.w.org\/{rel}","templated":true}]}}