{"id":3913,"date":"2022-04-04T20:09:53","date_gmt":"2022-04-04T20:09:53","guid":{"rendered":"https:\/\/usaqmasinlari.az\/?post_type=product&#038;p=3913"},"modified":"2024-02-18T20:05:26","modified_gmt":"2024-02-18T20:05:26","slug":"md-991","status":"publish","type":"product","link":"https:\/\/usaqmasinlari.az\/az\/md-991\/","title":{"rendered":"MD 991"},"content":{"rendered":"<p><span data-sheets-value=\"{&quot;1&quot;:2,&quot;2&quot;:&quot;usaq motosikletleri&quot;}\" data-sheets-userformat=\"{&quot;2&quot;:6723,&quot;3&quot;:{&quot;1&quot;:0},&quot;4&quot;:{&quot;1&quot;:2,&quot;2&quot;:16777215},&quot;9&quot;:0,&quot;12&quot;:0,&quot;14&quot;:{&quot;1&quot;:2,&quot;2&quot;:-570425344},&quot;15&quot;:&quot;Roboto, RobotoDraft, Helvetica, Arial, sans-serif&quot;}\">usaq motosikletleri<\/span><\/p>","protected":false},"excerpt":{"rendered":"<p>3 ya\u015f\u0131ndan 5 ya\u015fa q\u0259d\u0259r olan u\u015faqlar \u00fc\u00e7\u00fcn m\u00f6t\u0259\u015f\u0259m u\u015faq motosikleti. G\u00f6z\u0259l duru\u015fu v\u0259 musiqisi il\u0259 onlar\u0131n sevimli v\u0259 \u0259v\u0259zedilm\u0259z miniyi olacaqd\u0131r. Pedala asta basmaqla onlar\u0131 2-3 km\/saat s\u00fcr\u0259tl\u0259 h\u0259r\u0259k\u0259t etdir\u0259 bilir.<\/p>\n<ul>\n<li>\u00d6l\u00e7\u00fcl\u0259r: 820 \u0445 520 \u0445 370<\/li>\n<li>\u00c7\u0259kisi: 3900 q<\/li>\n<li>Batarya: Batareya: 6V4Ah<\/li>\n<li>3 t\u0259k\u0259rli<\/li>\n<li>Maximum 20kq g\u00f6t\u00fcr\u00fcr<\/li>\n<\/ul>\n<p>&nbsp;<\/p>","protected":false},"featured_media":3914,"comment_status":"open","ping_status":"closed","template":"","meta":[],"product_brand":[],"product_cat":[67,88],"product_tag":[],"class_list":{"0":"post-3913","1":"product","2":"type-product","3":"status-publish","4":"has-post-thumbnail","6":"product_cat-motosikletler","7":"product_cat-endirimler","9":"first","10":"instock","11":"sale","12":"shipping-taxable","13":"purchasable","14":"product-type-simple"},"_links":{"self":[{"href":"https:\/\/usaqmasinlari.az\/az\/wp-json\/wp\/v2\/product\/3913","targetHints":{"allow":["GET"]}}],"collection":[{"href":"https:\/\/usaqmasinlari.az\/az\/wp-json\/wp\/v2\/product"}],"about":[{"href":"https:\/\/usaqmasinlari.az\/az\/wp-json\/wp\/v2\/types\/product"}],"replies":[{"embeddable":true,"href":"https:\/\/usaqmasinlari.az\/az\/wp-json\/wp\/v2\/comments?post=3913"}],"wp:featuredmedia":[{"embeddable":true,"href":"https:\/\/usaqmasinlari.az\/az\/wp-json\/wp\/v2\/media\/3914"}],"wp:attachment":[{"href":"https:\/\/usaqmasinlari.az\/az\/wp-json\/wp\/v2\/media?parent=3913"}],"wp:term":[{"taxonomy":"product_brand","embeddable":true,"href":"https:\/\/usaqmasinlari.az\/az\/wp-json\/wp\/v2\/product_brand?post=3913"},{"taxonomy":"product_cat","embeddable":true,"href":"https:\/\/usaqmasinlari.az\/az\/wp-json\/wp\/v2\/product_cat?post=3913"},{"taxonomy":"product_tag","embeddable":true,"href":"https:\/\/usaqmasinlari.az\/az\/wp-json\/wp\/v2\/product_tag?post=3913"}],"curies":[{"name":"wp","href":"https:\/\/api.w.org\/{rel}","templated":true}]}}