{"id":3944,"date":"2022-04-11T14:02:59","date_gmt":"2022-04-11T14:02:59","guid":{"rendered":"https:\/\/usaqmasinlari.az\/?post_type=product&#038;p=3944"},"modified":"2022-07-06T09:23:24","modified_gmt":"2022-07-06T09:23:24","slug":"valideyn-idareli-range-rover","status":"publish","type":"product","link":"https:\/\/usaqmasinlari.az\/az\/valideyn-idareli-range-rover\/","title":{"rendered":"Valideyn idar\u0259li Range Rover"},"content":{"rendered":"","protected":false},"excerpt":{"rendered":"<p>\ud83d\udccc Salam \u0259ziz valideynl\u0259r u\u015faqlar\u0131n\u0131z \u00fc\u00e7\u00fcn valideyn idar\u0259li Range Rover ma\u015f\u0131n\u0131<br \/>\n\ud83c\udfa8 R\u0259ng: Q\u0131rm\u0131z\u0131 \/ \u00c7\u0259hray\u0131 \/ A\u011f<br \/>\n\ud83c\udd98 T\u0259hl\u00fck\u0259siz yol s\u00fcr\u00fc\u015f\u00fc<br \/>\n\ud83d\udccc T\u0259k\u0259r: B\u0259rk plasmas<br \/>\n\ud83d\udccc Oturacaq: B\u0259rk plasmas<br \/>\n\ud83d\udccc Oturacaq say\u0131: 1 \u0259d\u0259d<br \/>\n&#8212;&#8212;&#8212;&#8212;&#8212;&#8212;&#8212;&#8212;&#8212;&#8212;&#8212;&#8212;&#8212;&#8212;&#8212;-<br \/>\n\ud83d\udcaa \u00c7\u0259ki g\u00f6t\u00fcrm\u0259 qabiliyy\u0259ti: 20 kq-a q\u0259d\u0259r<br \/>\n\ud83d\udccc \u0130stifad\u0259 \u00fc\u00e7\u00fcn n\u0259z\u0259rd\u0259 tutulan ya\u015f h\u0259ddi: 1-4 ya\u015f<br \/>\n\ud83d\udccf \u00d6l\u00e7\u00fcl\u0259ri:<br \/>\nUzunluq: 63sm<br \/>\nEn: 46sm<br \/>\nY\u00fcks\u0259klik (tutacaql\u0131): 85sm<br \/>\nY\u00fcks\u0259klik (tutacaqs\u0131z): 47sm<\/p>","protected":false},"featured_media":3945,"comment_status":"open","ping_status":"closed","template":"","meta":[],"product_brand":[],"product_cat":[71],"product_tag":[47],"class_list":{"0":"post-3944","1":"product","2":"type-product","3":"status-publish","4":"has-post-thumbnail","6":"product_cat-ucuz-usaq-masinlari","7":"product_tag-range-rover","9":"first","10":"instock","11":"shipping-taxable","12":"purchasable","13":"product-type-simple"},"_links":{"self":[{"href":"https:\/\/usaqmasinlari.az\/az\/wp-json\/wp\/v2\/product\/3944","targetHints":{"allow":["GET"]}}],"collection":[{"href":"https:\/\/usaqmasinlari.az\/az\/wp-json\/wp\/v2\/product"}],"about":[{"href":"https:\/\/usaqmasinlari.az\/az\/wp-json\/wp\/v2\/types\/product"}],"replies":[{"embeddable":true,"href":"https:\/\/usaqmasinlari.az\/az\/wp-json\/wp\/v2\/comments?post=3944"}],"wp:featuredmedia":[{"embeddable":true,"href":"https:\/\/usaqmasinlari.az\/az\/wp-json\/wp\/v2\/media\/3945"}],"wp:attachment":[{"href":"https:\/\/usaqmasinlari.az\/az\/wp-json\/wp\/v2\/media?parent=3944"}],"wp:term":[{"taxonomy":"product_brand","embeddable":true,"href":"https:\/\/usaqmasinlari.az\/az\/wp-json\/wp\/v2\/product_brand?post=3944"},{"taxonomy":"product_cat","embeddable":true,"href":"https:\/\/usaqmasinlari.az\/az\/wp-json\/wp\/v2\/product_cat?post=3944"},{"taxonomy":"product_tag","embeddable":true,"href":"https:\/\/usaqmasinlari.az\/az\/wp-json\/wp\/v2\/product_tag?post=3944"}],"curies":[{"name":"wp","href":"https:\/\/api.w.org\/{rel}","templated":true}]}}