{"id":3952,"date":"2022-04-11T14:08:46","date_gmt":"2022-04-11T14:08:46","guid":{"rendered":"https:\/\/usaqmasinlari.az\/?post_type=product&#038;p=3952"},"modified":"2022-07-06T09:23:13","modified_gmt":"2022-07-06T09:23:13","slug":"mercedes-gls63-mini","status":"publish","type":"product","link":"https:\/\/usaqmasinlari.az\/az\/mercedes-gls63-mini\/","title":{"rendered":"Mercedes GLS63 Mini"},"content":{"rendered":"","protected":false},"excerpt":{"rendered":"<p>\ud83d\udccc F\u0259rdi v\u0259 uzaqdan idar\u0259etm\u0259 imkan\u0131<br \/>\n\ud83d\udccc Komfortlu oturacaq sistemi<br \/>\n\ud83c\udfa8 R\u0259ng: Qara \/ \u00c7\u0259hray\u0131 \/ Q\u0131rm\u0131z\u0131<br \/>\n\ud83c\udd98 T\u0259hl\u00fck\u0259siz yol s\u00fcr\u00fc\u015f\u00fc<br \/>\n\ud83d\udccc T\u0259k\u0259r: B\u0259rk plasmas<br \/>\n\ud83d\udccc Oturacaq: B\u0259rk plasmas<br \/>\n\ud83d\udccc Oturacaq say\u0131: 1 \u0259d\u0259d<br \/>\n\ud83c\udfa4 Aux portdan musiqi d\u0259st\u0259yi<br \/>\n\ud83c\udfbc USB portdan musiqi d\u0259st\u0259yi<br \/>\n\ud83d\udcbe TF kart portdan musiqi d\u0259st\u0259yi<br \/>\n\ud83d\udccc Start\/Stop: Keyles Go<br \/>\n&#8212;&#8212;&#8212;&#8212;&#8212;&#8212;&#8212;&#8212;&#8212;&#8212;&#8212;&#8212;&#8212;&#8212;&#8212;-<br \/>\n\ud83d\udd0b Batareya: 6V 7Ah<br \/>\n\u26d4 \u0130lk d\u0259f\u0259 istifad\u0259 etm\u0259d\u0259n qabaq batareya 12 saat zaryadkada qalmal\u0131d\u0131r<br \/>\n\ud83d\ude80 S\u00fcr\u0259t: 3 km\/saata q\u0259d\u0259r<br \/>\n\ud83d\udcaa \u00c7\u0259ki g\u00f6t\u00fcrm\u0259 qabiliyy\u0259ti: 25 kq-a q\u0259d\u0259r<br \/>\n\ud83d\udccc \u0130stifad\u0259 \u00fc\u00e7\u00fcn n\u0259z\u0259rd\u0259 tutulan ya\u015f h\u0259ddi: 2-4 ya\u015f<br \/>\n\ud83d\udccf \u00d6l\u00e7\u00fcl\u0259ri: 75\u00d735\u00d741sm<br \/>\n\u23f3 Batareya dolma m\u00fcdd\u0259ti: 8-10 saat<\/p>","protected":false},"featured_media":3953,"comment_status":"open","ping_status":"closed","template":"","meta":[],"product_brand":[],"product_cat":[71,15,86],"product_tag":[46],"class_list":{"0":"post-3952","1":"product","2":"type-product","3":"status-publish","4":"has-post-thumbnail","6":"product_cat-ucuz-usaq-masinlari","7":"product_cat-umumi","8":"product_cat-elektrik-masinlar","9":"product_tag-mercedes","11":"first","12":"instock","13":"shipping-taxable","14":"purchasable","15":"product-type-simple"},"_links":{"self":[{"href":"https:\/\/usaqmasinlari.az\/az\/wp-json\/wp\/v2\/product\/3952","targetHints":{"allow":["GET"]}}],"collection":[{"href":"https:\/\/usaqmasinlari.az\/az\/wp-json\/wp\/v2\/product"}],"about":[{"href":"https:\/\/usaqmasinlari.az\/az\/wp-json\/wp\/v2\/types\/product"}],"replies":[{"embeddable":true,"href":"https:\/\/usaqmasinlari.az\/az\/wp-json\/wp\/v2\/comments?post=3952"}],"wp:featuredmedia":[{"embeddable":true,"href":"https:\/\/usaqmasinlari.az\/az\/wp-json\/wp\/v2\/media\/3953"}],"wp:attachment":[{"href":"https:\/\/usaqmasinlari.az\/az\/wp-json\/wp\/v2\/media?parent=3952"}],"wp:term":[{"taxonomy":"product_brand","embeddable":true,"href":"https:\/\/usaqmasinlari.az\/az\/wp-json\/wp\/v2\/product_brand?post=3952"},{"taxonomy":"product_cat","embeddable":true,"href":"https:\/\/usaqmasinlari.az\/az\/wp-json\/wp\/v2\/product_cat?post=3952"},{"taxonomy":"product_tag","embeddable":true,"href":"https:\/\/usaqmasinlari.az\/az\/wp-json\/wp\/v2\/product_tag?post=3952"}],"curies":[{"name":"wp","href":"https:\/\/api.w.org\/{rel}","templated":true}]}}