{"id":3968,"date":"2022-05-16T09:53:00","date_gmt":"2022-05-16T09:53:00","guid":{"rendered":"https:\/\/usaqmasinlari.az\/?post_type=product&#038;p=3968"},"modified":"2023-06-30T15:26:33","modified_gmt":"2023-06-30T15:26:33","slug":"kp-2029","status":"publish","type":"product","link":"https:\/\/usaqmasinlari.az\/az\/kp-2029\/","title":{"rendered":"KP-2029"},"content":{"rendered":"","protected":false},"excerpt":{"rendered":"<p>Elektirikli u\u015faq ma\u015f\u0131n\u0131-KP-2029<\/p>\n<p>\ud83d\udcccMarka<br \/>\n\ud83d\udcccT\u0259k\u0259r:Rezin<br \/>\n\ud83d\udcccOturacaq:Koja<br \/>\n\ud83d\udcccYa\u015f h\u0259ddi:1-9<br \/>\n\ud83d\udcccMotor say\u0131:5<br \/>\n\ud83d\udcccAkkumlyator:12V<br \/>\n\ud83d\udccc\u015earj m\u00fcdd\u0259ti:8-12 Saat<br \/>\n\ud83d\udccc\u00d6z\u0259llikl\u0259r:Flaskart+aux+blutuz<br \/>\n\ud83d\udccc\u0130stifad\u0259 m\u00fcdd\u0259di: 30-1 saat<\/p>","protected":false},"featured_media":3969,"comment_status":"open","ping_status":"closed","template":"","meta":[],"product_brand":[],"product_cat":[86,15,105,114,71,112,113,118,115,116],"product_tag":[],"class_list":{"0":"post-3968","1":"product","2":"type-product","3":"status-publish","4":"has-post-thumbnail","6":"product_cat-elektrik-masinlar","7":"product_cat-umumi","8":"product_cat-pedalli-usaq-masinlari","9":"product_cat-sederek-usaq-masinlari","10":"product_cat-ucuz-usaq-masinlari","11":"product_cat-usaq-masinlari-qiymeti","12":"product_cat-usaq-masinlari-satisi","13":"product_cat-usaq-minik-masinlari","14":"product_cat-usaq-ucun-masinlar","15":"product_cat-usaq-ucun-park-masinlari","17":"first","18":"instock","19":"sale","20":"shipping-taxable","21":"purchasable","22":"product-type-simple"},"_links":{"self":[{"href":"https:\/\/usaqmasinlari.az\/az\/wp-json\/wp\/v2\/product\/3968","targetHints":{"allow":["GET"]}}],"collection":[{"href":"https:\/\/usaqmasinlari.az\/az\/wp-json\/wp\/v2\/product"}],"about":[{"href":"https:\/\/usaqmasinlari.az\/az\/wp-json\/wp\/v2\/types\/product"}],"replies":[{"embeddable":true,"href":"https:\/\/usaqmasinlari.az\/az\/wp-json\/wp\/v2\/comments?post=3968"}],"wp:featuredmedia":[{"embeddable":true,"href":"https:\/\/usaqmasinlari.az\/az\/wp-json\/wp\/v2\/media\/3969"}],"wp:attachment":[{"href":"https:\/\/usaqmasinlari.az\/az\/wp-json\/wp\/v2\/media?parent=3968"}],"wp:term":[{"taxonomy":"product_brand","embeddable":true,"href":"https:\/\/usaqmasinlari.az\/az\/wp-json\/wp\/v2\/product_brand?post=3968"},{"taxonomy":"product_cat","embeddable":true,"href":"https:\/\/usaqmasinlari.az\/az\/wp-json\/wp\/v2\/product_cat?post=3968"},{"taxonomy":"product_tag","embeddable":true,"href":"https:\/\/usaqmasinlari.az\/az\/wp-json\/wp\/v2\/product_tag?post=3968"}],"curies":[{"name":"wp","href":"https:\/\/api.w.org\/{rel}","templated":true}]}}