{"id":3979,"date":"2022-05-16T10:45:27","date_gmt":"2022-05-16T10:45:27","guid":{"rendered":"https:\/\/usaqmasinlari.az\/?post_type=product&#038;p=3979"},"modified":"2022-07-06T09:21:11","modified_gmt":"2022-07-06T09:21:11","slug":"mclaren-p2","status":"publish","type":"product","link":"https:\/\/usaqmasinlari.az\/az\/mclaren-p2\/","title":{"rendered":"Mclaren P2"},"content":{"rendered":"","protected":false},"excerpt":{"rendered":"<p>\ud83d\udcccElektirikli u\u015faq ma\u015f\u0131n\u0131<br \/>\n\ud83d\udcccT\u0259k\u0259r:Sade<br \/>\n\ud83d\udcccOturacaq:Sade<br \/>\n\ud83d\udcccYa\u015f h\u0259ddi:1-6<br \/>\n\ud83d\udcccMotor say\u0131:3<br \/>\n\ud83d\udcccAkkumlyator:12V<br \/>\n\ud83d\udccc\u015earj m\u00fcdd\u0259ti:8-12 Saat<br \/>\n\ud83d\udccc\u00d6z\u0259llikl\u0259r:Flaskart+aux<br \/>\n\ud83d\udccc\u0130stifad\u0259 m\u00fcdd\u0259di: 30-1 saat<\/p>","protected":false},"featured_media":3980,"comment_status":"open","ping_status":"closed","template":"","meta":[],"product_brand":[],"product_cat":[15,86,105,117,112,113,118,115,116,119],"product_tag":[],"class_list":{"0":"post-3979","1":"product","2":"type-product","3":"status-publish","4":"has-post-thumbnail","6":"product_cat-umumi","7":"product_cat-elektrik-masinlar","8":"product_cat-pedalli-usaq-masinlari","9":"product_cat-pultlu-usaq-masinlari","10":"product_cat-usaq-masinlari-qiymeti","11":"product_cat-usaq-masinlari-satisi","12":"product_cat-usaq-minik-masinlari","13":"product_cat-usaq-ucun-masinlar","14":"product_cat-usaq-ucun-park-masinlari","15":"product_cat-usaq-ucun-polis-masinlari","17":"first","18":"instock","19":"shipping-taxable","20":"purchasable","21":"product-type-simple"},"_links":{"self":[{"href":"https:\/\/usaqmasinlari.az\/az\/wp-json\/wp\/v2\/product\/3979","targetHints":{"allow":["GET"]}}],"collection":[{"href":"https:\/\/usaqmasinlari.az\/az\/wp-json\/wp\/v2\/product"}],"about":[{"href":"https:\/\/usaqmasinlari.az\/az\/wp-json\/wp\/v2\/types\/product"}],"replies":[{"embeddable":true,"href":"https:\/\/usaqmasinlari.az\/az\/wp-json\/wp\/v2\/comments?post=3979"}],"wp:featuredmedia":[{"embeddable":true,"href":"https:\/\/usaqmasinlari.az\/az\/wp-json\/wp\/v2\/media\/3980"}],"wp:attachment":[{"href":"https:\/\/usaqmasinlari.az\/az\/wp-json\/wp\/v2\/media?parent=3979"}],"wp:term":[{"taxonomy":"product_brand","embeddable":true,"href":"https:\/\/usaqmasinlari.az\/az\/wp-json\/wp\/v2\/product_brand?post=3979"},{"taxonomy":"product_cat","embeddable":true,"href":"https:\/\/usaqmasinlari.az\/az\/wp-json\/wp\/v2\/product_cat?post=3979"},{"taxonomy":"product_tag","embeddable":true,"href":"https:\/\/usaqmasinlari.az\/az\/wp-json\/wp\/v2\/product_tag?post=3979"}],"curies":[{"name":"wp","href":"https:\/\/api.w.org\/{rel}","templated":true}]}}