{"id":3984,"date":"2022-05-16T11:12:23","date_gmt":"2022-05-16T11:12:23","guid":{"rendered":"https:\/\/usaqmasinlari.az\/?post_type=product&#038;p=3984"},"modified":"2023-06-30T15:28:39","modified_gmt":"2023-06-30T15:28:39","slug":"bmw-m8","status":"publish","type":"product","link":"https:\/\/usaqmasinlari.az\/az\/bmw-m8\/","title":{"rendered":"BMW M8"},"content":{"rendered":"","protected":false},"excerpt":{"rendered":"<p>\ud83d\udcccElektirikli u\u015faq ma\u015f\u0131n\u0131<br \/>\n\ud83d\udcccT\u0259k\u0259r:Sade<br \/>\n\ud83d\udcccOturacaq:Sade<br \/>\n\ud83d\udcccYa\u015f h\u0259ddi:1-3<br \/>\n\ud83d\udcccMotor say\u0131: 1<br \/>\n\ud83d\udcccAkkumlyator:6V<br \/>\n\ud83d\udccc\u015earj m\u00fcdd\u0259ti:8-12 Saat<br \/>\n\ud83d\udccc\u00d6z\u0259llikl\u0259r:Flaskart+aux<br \/>\n\ud83d\udccc\u0130stifad\u0259 m\u00fcdd\u0259di: 30-1 saat<\/p>","protected":false},"featured_media":3985,"comment_status":"open","ping_status":"closed","template":"","meta":[],"product_brand":[],"product_cat":[15,86,105,117,114,71,112,113,118,115,116,119],"product_tag":[],"class_list":{"0":"post-3984","1":"product","2":"type-product","3":"status-publish","4":"has-post-thumbnail","6":"product_cat-umumi","7":"product_cat-elektrik-masinlar","8":"product_cat-pedalli-usaq-masinlari","9":"product_cat-pultlu-usaq-masinlari","10":"product_cat-sederek-usaq-masinlari","11":"product_cat-ucuz-usaq-masinlari","12":"product_cat-usaq-masinlari-qiymeti","13":"product_cat-usaq-masinlari-satisi","14":"product_cat-usaq-minik-masinlari","15":"product_cat-usaq-ucun-masinlar","16":"product_cat-usaq-ucun-park-masinlari","17":"product_cat-usaq-ucun-polis-masinlari","19":"first","20":"instock","21":"sale","22":"shipping-taxable","23":"purchasable","24":"product-type-simple"},"_links":{"self":[{"href":"https:\/\/usaqmasinlari.az\/az\/wp-json\/wp\/v2\/product\/3984","targetHints":{"allow":["GET"]}}],"collection":[{"href":"https:\/\/usaqmasinlari.az\/az\/wp-json\/wp\/v2\/product"}],"about":[{"href":"https:\/\/usaqmasinlari.az\/az\/wp-json\/wp\/v2\/types\/product"}],"replies":[{"embeddable":true,"href":"https:\/\/usaqmasinlari.az\/az\/wp-json\/wp\/v2\/comments?post=3984"}],"wp:featuredmedia":[{"embeddable":true,"href":"https:\/\/usaqmasinlari.az\/az\/wp-json\/wp\/v2\/media\/3985"}],"wp:attachment":[{"href":"https:\/\/usaqmasinlari.az\/az\/wp-json\/wp\/v2\/media?parent=3984"}],"wp:term":[{"taxonomy":"product_brand","embeddable":true,"href":"https:\/\/usaqmasinlari.az\/az\/wp-json\/wp\/v2\/product_brand?post=3984"},{"taxonomy":"product_cat","embeddable":true,"href":"https:\/\/usaqmasinlari.az\/az\/wp-json\/wp\/v2\/product_cat?post=3984"},{"taxonomy":"product_tag","embeddable":true,"href":"https:\/\/usaqmasinlari.az\/az\/wp-json\/wp\/v2\/product_tag?post=3984"}],"curies":[{"name":"wp","href":"https:\/\/api.w.org\/{rel}","templated":true}]}}