{"id":4007,"date":"2022-06-13T10:28:32","date_gmt":"2022-06-13T10:28:32","guid":{"rendered":"https:\/\/usaqmasinlari.az\/?post_type=product&#038;p=4007"},"modified":"2024-02-18T20:05:26","modified_gmt":"2024-02-18T20:05:26","slug":"bmw-x7","status":"publish","type":"product","link":"https:\/\/usaqmasinlari.az\/az\/bmw-x7\/","title":{"rendered":"BMW X7"},"content":{"rendered":"","protected":false},"excerpt":{"rendered":"<p>4 r\u0259ng m\u00f6vcuddur.<\/p>\n<p>\ud83d\udcccT\u0259k\u0259r:Rezin<\/p>\n<p>\ud83d\udccc\u00d6l\u00e7\u00fc: 113 x 48 x 69 sm.<\/p>\n<p>\ud83d\udcccOturacaq:Sade<br \/>\n\ud83d\udcccYa\u015f h\u0259ddi:1-7<br \/>\n\ud83d\udcccMotor say\u0131:3<br \/>\n\ud83d\udcccAkkumlyator:12V<br \/>\n\ud83d\udccc\u015earj m\u00fcdd\u0259ti:8-12 Saat<br \/>\n\ud83d\udccc\u00d6z\u0259llikl\u0259r:Flaskart+aux+blutuz<br \/>\n\ud83d\udccc\u0130stifad\u0259 m\u00fcdd\u0259di: 30-1 saat<\/p>","protected":false},"featured_media":4009,"comment_status":"open","ping_status":"closed","template":"","meta":[],"product_brand":[],"product_cat":[115,88,71,112,113,118],"product_tag":[],"class_list":{"0":"post-4007","1":"product","2":"type-product","3":"status-publish","4":"has-post-thumbnail","6":"product_cat-usaq-ucun-masinlar","7":"product_cat-endirimler","8":"product_cat-ucuz-usaq-masinlari","9":"product_cat-usaq-masinlari-qiymeti","10":"product_cat-usaq-masinlari-satisi","11":"product_cat-usaq-minik-masinlari","13":"first","14":"instock","15":"sale","16":"shipping-taxable","17":"purchasable","18":"product-type-simple"},"_links":{"self":[{"href":"https:\/\/usaqmasinlari.az\/az\/wp-json\/wp\/v2\/product\/4007","targetHints":{"allow":["GET"]}}],"collection":[{"href":"https:\/\/usaqmasinlari.az\/az\/wp-json\/wp\/v2\/product"}],"about":[{"href":"https:\/\/usaqmasinlari.az\/az\/wp-json\/wp\/v2\/types\/product"}],"replies":[{"embeddable":true,"href":"https:\/\/usaqmasinlari.az\/az\/wp-json\/wp\/v2\/comments?post=4007"}],"wp:featuredmedia":[{"embeddable":true,"href":"https:\/\/usaqmasinlari.az\/az\/wp-json\/wp\/v2\/media\/4009"}],"wp:attachment":[{"href":"https:\/\/usaqmasinlari.az\/az\/wp-json\/wp\/v2\/media?parent=4007"}],"wp:term":[{"taxonomy":"product_brand","embeddable":true,"href":"https:\/\/usaqmasinlari.az\/az\/wp-json\/wp\/v2\/product_brand?post=4007"},{"taxonomy":"product_cat","embeddable":true,"href":"https:\/\/usaqmasinlari.az\/az\/wp-json\/wp\/v2\/product_cat?post=4007"},{"taxonomy":"product_tag","embeddable":true,"href":"https:\/\/usaqmasinlari.az\/az\/wp-json\/wp\/v2\/product_tag?post=4007"}],"curies":[{"name":"wp","href":"https:\/\/api.w.org\/{rel}","templated":true}]}}