{"id":4070,"date":"2023-05-17T19:34:33","date_gmt":"2023-05-17T19:34:33","guid":{"rendered":"https:\/\/usaqmasinlari.az\/?post_type=product&#038;p=4070"},"modified":"2024-04-18T14:38:56","modified_gmt":"2024-04-18T14:38:56","slug":"gl-500-mini","status":"publish","type":"product","link":"https:\/\/usaqmasinlari.az\/az\/gl-500-mini\/","title":{"rendered":"GL 500 Mini"},"content":{"rendered":"","protected":false},"excerpt":{"rendered":"<p>U\u015faqlar \u00fc\u00e7\u00fcn \u0259n ideal h\u0259diyy\u0259lik u\u015faq ma\u015f\u0131n\u0131. Yaln\u0131z qara r\u0259ng m\u00f6vcuddur.<br \/>\n\ud83d\udd39Rezin t\u0259k\u0259r<br \/>\n\ud83d\udd39Rezin oturacaq.<br \/>\n\ud83d\udd393 ya\u015fa q\u0259d\u0259r.<br \/>\n\ud83d\udd39Pultla idar\u0259 etm\u0259<br \/>\n\ud83d\udd39USB il\u0259 musiqi d\u0259st\u0259yi.<\/p>","protected":false},"featured_media":4071,"comment_status":"open","ping_status":"closed","template":"","meta":[],"product_brand":[],"product_cat":[15,114,71,112,113,118,115,116],"product_tag":[46],"class_list":{"0":"post-4070","1":"product","2":"type-product","3":"status-publish","4":"has-post-thumbnail","6":"product_cat-umumi","7":"product_cat-sederek-usaq-masinlari","8":"product_cat-ucuz-usaq-masinlari","9":"product_cat-usaq-masinlari-qiymeti","10":"product_cat-usaq-masinlari-satisi","11":"product_cat-usaq-minik-masinlari","12":"product_cat-usaq-ucun-masinlar","13":"product_cat-usaq-ucun-park-masinlari","14":"product_tag-mercedes","16":"first","17":"outofstock","18":"sale","19":"shipping-taxable","20":"purchasable","21":"product-type-simple"},"_links":{"self":[{"href":"https:\/\/usaqmasinlari.az\/az\/wp-json\/wp\/v2\/product\/4070","targetHints":{"allow":["GET"]}}],"collection":[{"href":"https:\/\/usaqmasinlari.az\/az\/wp-json\/wp\/v2\/product"}],"about":[{"href":"https:\/\/usaqmasinlari.az\/az\/wp-json\/wp\/v2\/types\/product"}],"replies":[{"embeddable":true,"href":"https:\/\/usaqmasinlari.az\/az\/wp-json\/wp\/v2\/comments?post=4070"}],"wp:featuredmedia":[{"embeddable":true,"href":"https:\/\/usaqmasinlari.az\/az\/wp-json\/wp\/v2\/media\/4071"}],"wp:attachment":[{"href":"https:\/\/usaqmasinlari.az\/az\/wp-json\/wp\/v2\/media?parent=4070"}],"wp:term":[{"taxonomy":"product_brand","embeddable":true,"href":"https:\/\/usaqmasinlari.az\/az\/wp-json\/wp\/v2\/product_brand?post=4070"},{"taxonomy":"product_cat","embeddable":true,"href":"https:\/\/usaqmasinlari.az\/az\/wp-json\/wp\/v2\/product_cat?post=4070"},{"taxonomy":"product_tag","embeddable":true,"href":"https:\/\/usaqmasinlari.az\/az\/wp-json\/wp\/v2\/product_tag?post=4070"}],"curies":[{"name":"wp","href":"https:\/\/api.w.org\/{rel}","templated":true}]}}