{"id":4132,"date":"2023-06-30T17:47:52","date_gmt":"2023-06-30T17:47:52","guid":{"rendered":"https:\/\/usaqmasinlari.az\/?post_type=product&#038;p=4132"},"modified":"2023-06-30T17:47:52","modified_gmt":"2023-06-30T17:47:52","slug":"r15-moto","status":"publish","type":"product","link":"https:\/\/usaqmasinlari.az\/az\/r15-moto\/","title":{"rendered":"R15 Moto"},"content":{"rendered":"","protected":false},"excerpt":{"rendered":"<ul>\n<li>Uzunluq 120 sm<\/li>\n<li>H\u00fcnd\u00fcrl\u00fck 74 sm<\/li>\n<li>Q\u0131z\u0131l\u0131, g\u00f6y, A\u011f r\u0259ngl\u0259rd\u0259<\/li>\n<li>1-8 ya\u015f \u00fc\u00e7\u00fcn<\/li>\n<li>65 kq g\u00f6t\u00fcr\u0259 bilir.<\/li>\n<\/ul>","protected":false},"featured_media":4133,"comment_status":"open","ping_status":"closed","template":"","meta":[],"product_brand":[],"product_cat":[67],"product_tag":[],"class_list":{"0":"post-4132","1":"product","2":"type-product","3":"status-publish","4":"has-post-thumbnail","6":"product_cat-motosikletler","8":"first","9":"instock","10":"shipping-taxable","11":"purchasable","12":"product-type-simple"},"_links":{"self":[{"href":"https:\/\/usaqmasinlari.az\/az\/wp-json\/wp\/v2\/product\/4132","targetHints":{"allow":["GET"]}}],"collection":[{"href":"https:\/\/usaqmasinlari.az\/az\/wp-json\/wp\/v2\/product"}],"about":[{"href":"https:\/\/usaqmasinlari.az\/az\/wp-json\/wp\/v2\/types\/product"}],"replies":[{"embeddable":true,"href":"https:\/\/usaqmasinlari.az\/az\/wp-json\/wp\/v2\/comments?post=4132"}],"wp:featuredmedia":[{"embeddable":true,"href":"https:\/\/usaqmasinlari.az\/az\/wp-json\/wp\/v2\/media\/4133"}],"wp:attachment":[{"href":"https:\/\/usaqmasinlari.az\/az\/wp-json\/wp\/v2\/media?parent=4132"}],"wp:term":[{"taxonomy":"product_brand","embeddable":true,"href":"https:\/\/usaqmasinlari.az\/az\/wp-json\/wp\/v2\/product_brand?post=4132"},{"taxonomy":"product_cat","embeddable":true,"href":"https:\/\/usaqmasinlari.az\/az\/wp-json\/wp\/v2\/product_cat?post=4132"},{"taxonomy":"product_tag","embeddable":true,"href":"https:\/\/usaqmasinlari.az\/az\/wp-json\/wp\/v2\/product_tag?post=4132"}],"curies":[{"name":"wp","href":"https:\/\/api.w.org\/{rel}","templated":true}]}}