{"id":4192,"date":"2023-07-14T14:28:08","date_gmt":"2023-07-14T14:28:08","guid":{"rendered":"https:\/\/usaqmasinlari.az\/?post_type=product&#038;p=4192"},"modified":"2023-07-16T08:42:32","modified_gmt":"2023-07-16T08:42:32","slug":"qalik-flp-900-modeli","status":"publish","type":"product","link":"https:\/\/usaqmasinlari.az\/az\/qalik-flp-900-modeli\/","title":{"rendered":"Qalik &#8211; FLP-900 modeli"},"content":{"rendered":"","protected":false},"excerpt":{"rendered":"<h2><span class=\"\">Daxili X\u00fcsusiyy\u0259t:<\/span><\/h2>\n<ul>\n<li>Musiqi sistemi: MP3 pleyer, USB d\u0259st\u0259yi, Sd kart, AUX v\u0259 s.<\/li>\n<li>Qap\u0131: a\u00e7\u0131la bil\u0259n qap\u0131<\/li>\n<\/ul>\n<h2>M\u0259hsulun spesifikasiyas\u0131:<\/h2>\n<ul>\n<li>M\u0259hsulun \u00f6l\u00e7\u00fcs\u00fc: 142*80*88 sm<\/li>\n<li>M\u0259hsulun \u00e7\u0259kisi: 31 kq.<\/li>\n<li>Uy\u011fun ya\u015f qrupu: 3-7 ya\u015f<\/li>\n<li>\u00c7\u0259ki tutumu: 75 kq.<\/li>\n<li>Maksimum s\u00fcr\u0259t: 6-9 km\/saat.\u00a0v\u0259 ya s\u0259thd\u0259n as\u0131l\u0131 olaraq<\/li>\n<li>Batareya n\u00f6v\u00fc: 12V 10.AH T\u0259krar doldurulan<\/li>\n<li>M\u00fch\u0259rrik: 4 \u0259d\u0259d.<\/li>\n<li>Tam doldurma vaxt\u0131: 7-8 saat.<\/li>\n<li>\u0130\u015f vaxt\u0131: \u00c7\u0259kid\u0259n as\u0131l\u0131 olaraq 60 d\u0259qiq\u0259d\u0259n 120 d\u0259qiq\u0259y\u0259 q\u0259d\u0259r.<\/li>\n<li>Ke\u00e7id n\u00f6v\u00fc: D\u00fcym\u0259<\/li>\n<li>Oturacaq n\u00f6v\u00fc: \u0130ki oturacaq<\/li>\n<\/ul>","protected":false},"featured_media":4195,"comment_status":"open","ping_status":"closed","template":"","meta":[],"product_brand":[],"product_cat":[86,15,105,114,112,113,118,115,116],"product_tag":[],"class_list":{"0":"post-4192","1":"product","2":"type-product","3":"status-publish","4":"has-post-thumbnail","6":"product_cat-elektrik-masinlar","7":"product_cat-umumi","8":"product_cat-pedalli-usaq-masinlari","9":"product_cat-sederek-usaq-masinlari","10":"product_cat-usaq-masinlari-qiymeti","11":"product_cat-usaq-masinlari-satisi","12":"product_cat-usaq-minik-masinlari","13":"product_cat-usaq-ucun-masinlar","14":"product_cat-usaq-ucun-park-masinlari","16":"first","17":"instock","18":"sale","19":"featured","20":"shipping-taxable","21":"purchasable","22":"product-type-simple"},"_links":{"self":[{"href":"https:\/\/usaqmasinlari.az\/az\/wp-json\/wp\/v2\/product\/4192","targetHints":{"allow":["GET"]}}],"collection":[{"href":"https:\/\/usaqmasinlari.az\/az\/wp-json\/wp\/v2\/product"}],"about":[{"href":"https:\/\/usaqmasinlari.az\/az\/wp-json\/wp\/v2\/types\/product"}],"replies":[{"embeddable":true,"href":"https:\/\/usaqmasinlari.az\/az\/wp-json\/wp\/v2\/comments?post=4192"}],"wp:featuredmedia":[{"embeddable":true,"href":"https:\/\/usaqmasinlari.az\/az\/wp-json\/wp\/v2\/media\/4195"}],"wp:attachment":[{"href":"https:\/\/usaqmasinlari.az\/az\/wp-json\/wp\/v2\/media?parent=4192"}],"wp:term":[{"taxonomy":"product_brand","embeddable":true,"href":"https:\/\/usaqmasinlari.az\/az\/wp-json\/wp\/v2\/product_brand?post=4192"},{"taxonomy":"product_cat","embeddable":true,"href":"https:\/\/usaqmasinlari.az\/az\/wp-json\/wp\/v2\/product_cat?post=4192"},{"taxonomy":"product_tag","embeddable":true,"href":"https:\/\/usaqmasinlari.az\/az\/wp-json\/wp\/v2\/product_tag?post=4192"}],"curies":[{"name":"wp","href":"https:\/\/api.w.org\/{rel}","templated":true}]}}