{"id":4196,"date":"2023-07-14T15:58:27","date_gmt":"2023-07-14T15:58:27","guid":{"rendered":"https:\/\/usaqmasinlari.az\/?post_type=product&#038;p=4196"},"modified":"2024-02-18T20:05:26","modified_gmt":"2024-02-18T20:05:26","slug":"ferrari-lb-01","status":"publish","type":"product","link":"https:\/\/usaqmasinlari.az\/az\/ferrari-lb-01\/","title":{"rendered":"Ferrari &#8211; LB-01"},"content":{"rendered":"","protected":false},"excerpt":{"rendered":"<p>M\u0259hsul t\u0259sviri<\/p>\n<ul>\n<li>Ya\u015f Aral\u0131\u011f\u0131: 1-13 Ya\u015f<\/li>\n<li>Plastik n\u00f6v\u00fc: ABS<\/li>\n<li>Model n\u00f6mr\u0259si: LB-01<\/li>\n<li>Batareya: 12V14AH v\u0259 ya 24V7AH<\/li>\n<li>M\u0259hsulun \u00f6l\u00e7\u00fcs\u00fc: 175*105*66sm<\/li>\n<li>T\u0259k\u0259rl\u0259r: 4 t\u0259k\u0259r<\/li>\n<li>Motor: 550 x2 motor<\/li>\n<li>Oturacaq: D\u0259ri oturacaq<\/li>\n<li>Funksiya: Musiqi\/MP3\/SD yuvas\u0131\/FM radio<\/li>\n<\/ul>","protected":false},"featured_media":4203,"comment_status":"open","ping_status":"closed","template":"","meta":[],"product_brand":[],"product_cat":[15,86,105,117,114,112,113,118,115,116],"product_tag":[],"class_list":{"0":"post-4196","1":"product","2":"type-product","3":"status-publish","4":"has-post-thumbnail","6":"product_cat-umumi","7":"product_cat-elektrik-masinlar","8":"product_cat-pedalli-usaq-masinlari","9":"product_cat-pultlu-usaq-masinlari","10":"product_cat-sederek-usaq-masinlari","11":"product_cat-usaq-masinlari-qiymeti","12":"product_cat-usaq-masinlari-satisi","13":"product_cat-usaq-minik-masinlari","14":"product_cat-usaq-ucun-masinlar","15":"product_cat-usaq-ucun-park-masinlari","17":"first","18":"instock","19":"featured","20":"shipping-taxable","21":"purchasable","22":"product-type-simple"},"_links":{"self":[{"href":"https:\/\/usaqmasinlari.az\/az\/wp-json\/wp\/v2\/product\/4196","targetHints":{"allow":["GET"]}}],"collection":[{"href":"https:\/\/usaqmasinlari.az\/az\/wp-json\/wp\/v2\/product"}],"about":[{"href":"https:\/\/usaqmasinlari.az\/az\/wp-json\/wp\/v2\/types\/product"}],"replies":[{"embeddable":true,"href":"https:\/\/usaqmasinlari.az\/az\/wp-json\/wp\/v2\/comments?post=4196"}],"wp:featuredmedia":[{"embeddable":true,"href":"https:\/\/usaqmasinlari.az\/az\/wp-json\/wp\/v2\/media\/4203"}],"wp:attachment":[{"href":"https:\/\/usaqmasinlari.az\/az\/wp-json\/wp\/v2\/media?parent=4196"}],"wp:term":[{"taxonomy":"product_brand","embeddable":true,"href":"https:\/\/usaqmasinlari.az\/az\/wp-json\/wp\/v2\/product_brand?post=4196"},{"taxonomy":"product_cat","embeddable":true,"href":"https:\/\/usaqmasinlari.az\/az\/wp-json\/wp\/v2\/product_cat?post=4196"},{"taxonomy":"product_tag","embeddable":true,"href":"https:\/\/usaqmasinlari.az\/az\/wp-json\/wp\/v2\/product_tag?post=4196"}],"curies":[{"name":"wp","href":"https:\/\/api.w.org\/{rel}","templated":true}]}}