{"id":4205,"date":"2023-07-14T16:46:15","date_gmt":"2023-07-14T16:46:15","guid":{"rendered":"https:\/\/usaqmasinlari.az\/?post_type=product&#038;p=4205"},"modified":"2024-02-18T20:05:25","modified_gmt":"2024-02-18T20:05:25","slug":"jeep-jb-500","status":"publish","type":"product","link":"https:\/\/usaqmasinlari.az\/az\/jeep-jb-500\/","title":{"rendered":"Jeep &#8211; JB-500"},"content":{"rendered":"","protected":false},"excerpt":{"rendered":"<ul>\n<li>Ya\u015f h\u0259ddi: 2-4,5-7,8-13<\/li>\n<li>\u00dcmumi \u00e7\u0259ki: 39<\/li>\n<li>Model n\u00f6mr\u0259si: JB-500<\/li>\n<li>Xalis \u00e7\u0259ki: 34<\/li>\n<li>M\u0259hsulun \u00f6l\u00e7\u00fcs\u00fc: 142*82*81<\/li>\n<\/ul>","protected":false},"featured_media":4207,"comment_status":"open","ping_status":"closed","template":"","meta":[],"product_brand":[],"product_cat":[15,86,105,117,114,112,113,118,115,116],"product_tag":[],"class_list":{"0":"post-4205","1":"product","2":"type-product","3":"status-publish","4":"has-post-thumbnail","6":"product_cat-umumi","7":"product_cat-elektrik-masinlar","8":"product_cat-pedalli-usaq-masinlari","9":"product_cat-pultlu-usaq-masinlari","10":"product_cat-sederek-usaq-masinlari","11":"product_cat-usaq-masinlari-qiymeti","12":"product_cat-usaq-masinlari-satisi","13":"product_cat-usaq-minik-masinlari","14":"product_cat-usaq-ucun-masinlar","15":"product_cat-usaq-ucun-park-masinlari","17":"first","18":"instock","19":"sale","20":"featured","21":"shipping-taxable","22":"purchasable","23":"product-type-simple"},"_links":{"self":[{"href":"https:\/\/usaqmasinlari.az\/az\/wp-json\/wp\/v2\/product\/4205","targetHints":{"allow":["GET"]}}],"collection":[{"href":"https:\/\/usaqmasinlari.az\/az\/wp-json\/wp\/v2\/product"}],"about":[{"href":"https:\/\/usaqmasinlari.az\/az\/wp-json\/wp\/v2\/types\/product"}],"replies":[{"embeddable":true,"href":"https:\/\/usaqmasinlari.az\/az\/wp-json\/wp\/v2\/comments?post=4205"}],"wp:featuredmedia":[{"embeddable":true,"href":"https:\/\/usaqmasinlari.az\/az\/wp-json\/wp\/v2\/media\/4207"}],"wp:attachment":[{"href":"https:\/\/usaqmasinlari.az\/az\/wp-json\/wp\/v2\/media?parent=4205"}],"wp:term":[{"taxonomy":"product_brand","embeddable":true,"href":"https:\/\/usaqmasinlari.az\/az\/wp-json\/wp\/v2\/product_brand?post=4205"},{"taxonomy":"product_cat","embeddable":true,"href":"https:\/\/usaqmasinlari.az\/az\/wp-json\/wp\/v2\/product_cat?post=4205"},{"taxonomy":"product_tag","embeddable":true,"href":"https:\/\/usaqmasinlari.az\/az\/wp-json\/wp\/v2\/product_tag?post=4205"}],"curies":[{"name":"wp","href":"https:\/\/api.w.org\/{rel}","templated":true}]}}