{"id":4220,"date":"2023-07-16T12:15:42","date_gmt":"2023-07-16T12:15:42","guid":{"rendered":"https:\/\/usaqmasinlari.az\/?post_type=product&#038;p=4220"},"modified":"2023-07-16T12:15:42","modified_gmt":"2023-07-16T12:15:42","slug":"moto-diamond","status":"publish","type":"product","link":"https:\/\/usaqmasinlari.az\/az\/moto-diamond\/","title":{"rendered":"Moto Diamond"},"content":{"rendered":"","protected":false},"excerpt":{"rendered":"<p>2-5 ya\u015f aras\u0131 \u0259n uy\u011fun motosiklet modelidir.<br \/>\nSat\u0131\u015fda 3 r\u0259ng n\u00f6vu m\u00f6vcuddur.<br \/>\nT\u0259k\u0259rl\u0259r kaucukdur. \u0130\u015f\u0131qlar\u0131 v\u0259 usb il\u0259 oxunma hiss\u0259si m\u00f6vcuddur. <\/p>","protected":false},"featured_media":4221,"comment_status":"open","ping_status":"closed","template":"","meta":[],"product_brand":[],"product_cat":[67],"product_tag":[],"class_list":{"0":"post-4220","1":"product","2":"type-product","3":"status-publish","4":"has-post-thumbnail","6":"product_cat-motosikletler","8":"first","9":"instock","10":"shipping-taxable","11":"purchasable","12":"product-type-simple"},"_links":{"self":[{"href":"https:\/\/usaqmasinlari.az\/az\/wp-json\/wp\/v2\/product\/4220","targetHints":{"allow":["GET"]}}],"collection":[{"href":"https:\/\/usaqmasinlari.az\/az\/wp-json\/wp\/v2\/product"}],"about":[{"href":"https:\/\/usaqmasinlari.az\/az\/wp-json\/wp\/v2\/types\/product"}],"replies":[{"embeddable":true,"href":"https:\/\/usaqmasinlari.az\/az\/wp-json\/wp\/v2\/comments?post=4220"}],"wp:featuredmedia":[{"embeddable":true,"href":"https:\/\/usaqmasinlari.az\/az\/wp-json\/wp\/v2\/media\/4221"}],"wp:attachment":[{"href":"https:\/\/usaqmasinlari.az\/az\/wp-json\/wp\/v2\/media?parent=4220"}],"wp:term":[{"taxonomy":"product_brand","embeddable":true,"href":"https:\/\/usaqmasinlari.az\/az\/wp-json\/wp\/v2\/product_brand?post=4220"},{"taxonomy":"product_cat","embeddable":true,"href":"https:\/\/usaqmasinlari.az\/az\/wp-json\/wp\/v2\/product_cat?post=4220"},{"taxonomy":"product_tag","embeddable":true,"href":"https:\/\/usaqmasinlari.az\/az\/wp-json\/wp\/v2\/product_tag?post=4220"}],"curies":[{"name":"wp","href":"https:\/\/api.w.org\/{rel}","templated":true}]}}