{"id":4237,"date":"2023-07-22T07:17:16","date_gmt":"2023-07-22T07:17:16","guid":{"rendered":"https:\/\/usaqmasinlari.az\/?post_type=product&#038;p=4237"},"modified":"2023-07-22T07:51:37","modified_gmt":"2023-07-22T07:51:37","slug":"polis-dodge-911","status":"publish","type":"product","link":"https:\/\/usaqmasinlari.az\/az\/polis-dodge-911\/","title":{"rendered":"Polis Dodge &#8211; 911"},"content":{"rendered":"","protected":false},"excerpt":{"rendered":"<ul>\n<li><strong>Rezin t\u0259k\u0259rl\u0259r <\/strong><\/li>\n<li><strong>D\u0259ri oturacaqlar<\/strong><\/li>\n<li><strong>1 ya\u015fdan 5 ya\u015fa q\u0259d\u0259r u\u015faqlar \u00fc\u00e7\u00fcn<\/strong><\/li>\n<\/ul>","protected":false},"featured_media":4239,"comment_status":"open","ping_status":"closed","template":"","meta":[],"product_brand":[],"product_cat":[119,15,86,105,117,114,71,112,113,118,115,116],"product_tag":[],"class_list":{"0":"post-4237","1":"product","2":"type-product","3":"status-publish","4":"has-post-thumbnail","6":"product_cat-usaq-ucun-polis-masinlari","7":"product_cat-umumi","8":"product_cat-elektrik-masinlar","9":"product_cat-pedalli-usaq-masinlari","10":"product_cat-pultlu-usaq-masinlari","11":"product_cat-sederek-usaq-masinlari","12":"product_cat-ucuz-usaq-masinlari","13":"product_cat-usaq-masinlari-qiymeti","14":"product_cat-usaq-masinlari-satisi","15":"product_cat-usaq-minik-masinlari","16":"product_cat-usaq-ucun-masinlar","17":"product_cat-usaq-ucun-park-masinlari","19":"first","20":"instock","21":"sale","22":"shipping-taxable","23":"purchasable","24":"product-type-simple"},"_links":{"self":[{"href":"https:\/\/usaqmasinlari.az\/az\/wp-json\/wp\/v2\/product\/4237","targetHints":{"allow":["GET"]}}],"collection":[{"href":"https:\/\/usaqmasinlari.az\/az\/wp-json\/wp\/v2\/product"}],"about":[{"href":"https:\/\/usaqmasinlari.az\/az\/wp-json\/wp\/v2\/types\/product"}],"replies":[{"embeddable":true,"href":"https:\/\/usaqmasinlari.az\/az\/wp-json\/wp\/v2\/comments?post=4237"}],"wp:featuredmedia":[{"embeddable":true,"href":"https:\/\/usaqmasinlari.az\/az\/wp-json\/wp\/v2\/media\/4239"}],"wp:attachment":[{"href":"https:\/\/usaqmasinlari.az\/az\/wp-json\/wp\/v2\/media?parent=4237"}],"wp:term":[{"taxonomy":"product_brand","embeddable":true,"href":"https:\/\/usaqmasinlari.az\/az\/wp-json\/wp\/v2\/product_brand?post=4237"},{"taxonomy":"product_cat","embeddable":true,"href":"https:\/\/usaqmasinlari.az\/az\/wp-json\/wp\/v2\/product_cat?post=4237"},{"taxonomy":"product_tag","embeddable":true,"href":"https:\/\/usaqmasinlari.az\/az\/wp-json\/wp\/v2\/product_tag?post=4237"}],"curies":[{"name":"wp","href":"https:\/\/api.w.org\/{rel}","templated":true}]}}