{"id":4241,"date":"2023-07-22T07:21:17","date_gmt":"2023-07-22T07:21:17","guid":{"rendered":"https:\/\/usaqmasinlari.az\/?post_type=product&#038;p=4241"},"modified":"2024-04-18T16:10:17","modified_gmt":"2024-04-18T16:10:17","slug":"6588-modeli","status":"publish","type":"product","link":"https:\/\/usaqmasinlari.az\/az\/6588-modeli\/","title":{"rendered":"6588 modeli"},"content":{"rendered":"","protected":false},"excerpt":{"rendered":"<ul>\n<li>Rezin t\u0259k\u0259rl\u0259r<\/li>\n<li>D\u0259ri oturacaqlar.<\/li>\n<li>R\u0259ngl\u0259r: Qara, Q\u0131rm\u0131z\u0131.<\/li>\n<li>1 ya\u015fdan 7 ya\u015fa q\u0259d\u0259r u\u015faqlar \u00fc\u00e7\u00fcn<\/li>\n<\/ul>","protected":false},"featured_media":4242,"comment_status":"open","ping_status":"closed","template":"","meta":[],"product_brand":[],"product_cat":[86,15,105,117,114,112,113,118,115,116],"product_tag":[],"class_list":{"0":"post-4241","1":"product","2":"type-product","3":"status-publish","4":"has-post-thumbnail","6":"product_cat-elektrik-masinlar","7":"product_cat-umumi","8":"product_cat-pedalli-usaq-masinlari","9":"product_cat-pultlu-usaq-masinlari","10":"product_cat-sederek-usaq-masinlari","11":"product_cat-usaq-masinlari-qiymeti","12":"product_cat-usaq-masinlari-satisi","13":"product_cat-usaq-minik-masinlari","14":"product_cat-usaq-ucun-masinlar","15":"product_cat-usaq-ucun-park-masinlari","17":"first","18":"outofstock","19":"sale","20":"shipping-taxable","21":"purchasable","22":"product-type-simple"},"_links":{"self":[{"href":"https:\/\/usaqmasinlari.az\/az\/wp-json\/wp\/v2\/product\/4241","targetHints":{"allow":["GET"]}}],"collection":[{"href":"https:\/\/usaqmasinlari.az\/az\/wp-json\/wp\/v2\/product"}],"about":[{"href":"https:\/\/usaqmasinlari.az\/az\/wp-json\/wp\/v2\/types\/product"}],"replies":[{"embeddable":true,"href":"https:\/\/usaqmasinlari.az\/az\/wp-json\/wp\/v2\/comments?post=4241"}],"wp:featuredmedia":[{"embeddable":true,"href":"https:\/\/usaqmasinlari.az\/az\/wp-json\/wp\/v2\/media\/4242"}],"wp:attachment":[{"href":"https:\/\/usaqmasinlari.az\/az\/wp-json\/wp\/v2\/media?parent=4241"}],"wp:term":[{"taxonomy":"product_brand","embeddable":true,"href":"https:\/\/usaqmasinlari.az\/az\/wp-json\/wp\/v2\/product_brand?post=4241"},{"taxonomy":"product_cat","embeddable":true,"href":"https:\/\/usaqmasinlari.az\/az\/wp-json\/wp\/v2\/product_cat?post=4241"},{"taxonomy":"product_tag","embeddable":true,"href":"https:\/\/usaqmasinlari.az\/az\/wp-json\/wp\/v2\/product_tag?post=4241"}],"curies":[{"name":"wp","href":"https:\/\/api.w.org\/{rel}","templated":true}]}}