{"id":4251,"date":"2023-07-22T07:36:32","date_gmt":"2023-07-22T07:36:32","guid":{"rendered":"https:\/\/usaqmasinlari.az\/?post_type=product&#038;p=4251"},"modified":"2023-07-22T07:48:49","modified_gmt":"2023-07-22T07:48:49","slug":"b-21-modeli","status":"publish","type":"product","link":"https:\/\/usaqmasinlari.az\/az\/b-21-modeli\/","title":{"rendered":"B 21 Modeli"},"content":{"rendered":"","protected":false},"excerpt":{"rendered":"<ul>\n<li><strong>Rezin t\u0259k\u0259rl\u0259r <\/strong><\/li>\n<li><strong>D\u0259ri oturacaqlar.<\/strong><\/li>\n<li><strong>1 ya\u015fdan 6 ya\u015fa q\u0259d\u0259r u\u015faqlar \u00fc\u00e7\u00fcn<\/strong><\/li>\n<\/ul>","protected":false},"featured_media":4252,"comment_status":"open","ping_status":"closed","template":"","meta":[],"product_brand":[],"product_cat":[15,86,105,117,114,113,118,115,116,119],"product_tag":[],"class_list":{"0":"post-4251","1":"product","2":"type-product","3":"status-publish","4":"has-post-thumbnail","6":"product_cat-umumi","7":"product_cat-elektrik-masinlar","8":"product_cat-pedalli-usaq-masinlari","9":"product_cat-pultlu-usaq-masinlari","10":"product_cat-sederek-usaq-masinlari","11":"product_cat-usaq-masinlari-satisi","12":"product_cat-usaq-minik-masinlari","13":"product_cat-usaq-ucun-masinlar","14":"product_cat-usaq-ucun-park-masinlari","15":"product_cat-usaq-ucun-polis-masinlari","17":"first","18":"instock","19":"sale","20":"shipping-taxable","21":"purchasable","22":"product-type-simple"},"_links":{"self":[{"href":"https:\/\/usaqmasinlari.az\/az\/wp-json\/wp\/v2\/product\/4251","targetHints":{"allow":["GET"]}}],"collection":[{"href":"https:\/\/usaqmasinlari.az\/az\/wp-json\/wp\/v2\/product"}],"about":[{"href":"https:\/\/usaqmasinlari.az\/az\/wp-json\/wp\/v2\/types\/product"}],"replies":[{"embeddable":true,"href":"https:\/\/usaqmasinlari.az\/az\/wp-json\/wp\/v2\/comments?post=4251"}],"wp:featuredmedia":[{"embeddable":true,"href":"https:\/\/usaqmasinlari.az\/az\/wp-json\/wp\/v2\/media\/4252"}],"wp:attachment":[{"href":"https:\/\/usaqmasinlari.az\/az\/wp-json\/wp\/v2\/media?parent=4251"}],"wp:term":[{"taxonomy":"product_brand","embeddable":true,"href":"https:\/\/usaqmasinlari.az\/az\/wp-json\/wp\/v2\/product_brand?post=4251"},{"taxonomy":"product_cat","embeddable":true,"href":"https:\/\/usaqmasinlari.az\/az\/wp-json\/wp\/v2\/product_cat?post=4251"},{"taxonomy":"product_tag","embeddable":true,"href":"https:\/\/usaqmasinlari.az\/az\/wp-json\/wp\/v2\/product_tag?post=4251"}],"curies":[{"name":"wp","href":"https:\/\/api.w.org\/{rel}","templated":true}]}}