{"id":4254,"date":"2023-07-22T07:48:08","date_gmt":"2023-07-22T07:48:08","guid":{"rendered":"https:\/\/usaqmasinlari.az\/?post_type=product&#038;p=4254"},"modified":"2024-02-18T20:05:26","modified_gmt":"2024-02-18T20:05:26","slug":"kvadrackl-007-modeli","status":"publish","type":"product","link":"https:\/\/usaqmasinlari.az\/az\/kvadrackl-007-modeli\/","title":{"rendered":"Kvadrackl 007 modeli"},"content":{"rendered":"","protected":false},"excerpt":{"rendered":"<ul>\n<li><strong>Rezin t\u0259k\u0259rl\u0259r<\/strong><\/li>\n<li><strong> D\u0259ri oturacaqlar. <\/strong><\/li>\n<li><strong>R\u0259ngl\u0259r: Mavi, Qara, Ya\u015f\u0131l<\/strong><\/li>\n<li><strong>1 ya\u015fdan 7 ya\u015fa q\u0259d\u0259r u\u015faqlar \u00fc\u00e7\u00fcn<\/strong><\/li>\n<\/ul>","protected":false},"featured_media":4257,"comment_status":"open","ping_status":"closed","template":"","meta":[],"product_brand":[],"product_cat":[15,86,88,105,117,114,112,113,118,115,116],"product_tag":[],"class_list":{"0":"post-4254","1":"product","2":"type-product","3":"status-publish","4":"has-post-thumbnail","6":"product_cat-umumi","7":"product_cat-elektrik-masinlar","8":"product_cat-endirimler","9":"product_cat-pedalli-usaq-masinlari","10":"product_cat-pultlu-usaq-masinlari","11":"product_cat-sederek-usaq-masinlari","12":"product_cat-usaq-masinlari-qiymeti","13":"product_cat-usaq-masinlari-satisi","14":"product_cat-usaq-minik-masinlari","15":"product_cat-usaq-ucun-masinlar","16":"product_cat-usaq-ucun-park-masinlari","18":"first","19":"instock","20":"sale","21":"shipping-taxable","22":"purchasable","23":"product-type-simple"},"_links":{"self":[{"href":"https:\/\/usaqmasinlari.az\/az\/wp-json\/wp\/v2\/product\/4254","targetHints":{"allow":["GET"]}}],"collection":[{"href":"https:\/\/usaqmasinlari.az\/az\/wp-json\/wp\/v2\/product"}],"about":[{"href":"https:\/\/usaqmasinlari.az\/az\/wp-json\/wp\/v2\/types\/product"}],"replies":[{"embeddable":true,"href":"https:\/\/usaqmasinlari.az\/az\/wp-json\/wp\/v2\/comments?post=4254"}],"wp:featuredmedia":[{"embeddable":true,"href":"https:\/\/usaqmasinlari.az\/az\/wp-json\/wp\/v2\/media\/4257"}],"wp:attachment":[{"href":"https:\/\/usaqmasinlari.az\/az\/wp-json\/wp\/v2\/media?parent=4254"}],"wp:term":[{"taxonomy":"product_brand","embeddable":true,"href":"https:\/\/usaqmasinlari.az\/az\/wp-json\/wp\/v2\/product_brand?post=4254"},{"taxonomy":"product_cat","embeddable":true,"href":"https:\/\/usaqmasinlari.az\/az\/wp-json\/wp\/v2\/product_cat?post=4254"},{"taxonomy":"product_tag","embeddable":true,"href":"https:\/\/usaqmasinlari.az\/az\/wp-json\/wp\/v2\/product_tag?post=4254"}],"curies":[{"name":"wp","href":"https:\/\/api.w.org\/{rel}","templated":true}]}}