{"id":4329,"date":"2024-04-18T15:27:37","date_gmt":"2024-04-18T15:27:37","guid":{"rendered":"https:\/\/usaqmasinlari.az\/?post_type=product&#038;p=4329"},"modified":"2024-04-18T15:27:37","modified_gmt":"2024-04-18T15:27:37","slug":"jeep-tank-modeli","status":"publish","type":"product","link":"https:\/\/usaqmasinlari.az\/az\/jeep-tank-modeli\/","title":{"rendered":"Jeep Tank Modeli"},"content":{"rendered":"","protected":false},"excerpt":{"rendered":"<p>U\u015faqlar \u00fc\u00e7\u00fcn \u0259n ideal elektrikli ma\u015f\u0131n<\/p>\n<ul>\n<li>8-9 ya\u015fa q\u0259d\u0259r<\/li>\n<li>4&#215;4 \u00e7\u0259kir<\/li>\n<li>rezin t\u0259k\u0259r<\/li>\n<li>d\u0259ri oturacaq<\/li>\n<li>musiqi usb<\/li>\n<\/ul>","protected":false},"featured_media":4330,"comment_status":"open","ping_status":"closed","template":"","meta":[],"product_brand":[],"product_cat":[86,15,88,117,114,112,113,115,116],"product_tag":[91],"class_list":{"0":"post-4329","1":"product","2":"type-product","3":"status-publish","4":"has-post-thumbnail","6":"product_cat-elektrik-masinlar","7":"product_cat-umumi","8":"product_cat-endirimler","9":"product_cat-pultlu-usaq-masinlari","10":"product_cat-sederek-usaq-masinlari","11":"product_cat-usaq-masinlari-qiymeti","12":"product_cat-usaq-masinlari-satisi","13":"product_cat-usaq-ucun-masinlar","14":"product_cat-usaq-ucun-park-masinlari","15":"product_tag-toyota","17":"first","18":"instock","19":"sale","20":"shipping-taxable","21":"purchasable","22":"product-type-simple"},"_links":{"self":[{"href":"https:\/\/usaqmasinlari.az\/az\/wp-json\/wp\/v2\/product\/4329","targetHints":{"allow":["GET"]}}],"collection":[{"href":"https:\/\/usaqmasinlari.az\/az\/wp-json\/wp\/v2\/product"}],"about":[{"href":"https:\/\/usaqmasinlari.az\/az\/wp-json\/wp\/v2\/types\/product"}],"replies":[{"embeddable":true,"href":"https:\/\/usaqmasinlari.az\/az\/wp-json\/wp\/v2\/comments?post=4329"}],"wp:featuredmedia":[{"embeddable":true,"href":"https:\/\/usaqmasinlari.az\/az\/wp-json\/wp\/v2\/media\/4330"}],"wp:attachment":[{"href":"https:\/\/usaqmasinlari.az\/az\/wp-json\/wp\/v2\/media?parent=4329"}],"wp:term":[{"taxonomy":"product_brand","embeddable":true,"href":"https:\/\/usaqmasinlari.az\/az\/wp-json\/wp\/v2\/product_brand?post=4329"},{"taxonomy":"product_cat","embeddable":true,"href":"https:\/\/usaqmasinlari.az\/az\/wp-json\/wp\/v2\/product_cat?post=4329"},{"taxonomy":"product_tag","embeddable":true,"href":"https:\/\/usaqmasinlari.az\/az\/wp-json\/wp\/v2\/product_tag?post=4329"}],"curies":[{"name":"wp","href":"https:\/\/api.w.org\/{rel}","templated":true}]}}