{"id":4335,"date":"2024-04-18T16:07:55","date_gmt":"2024-04-18T16:07:55","guid":{"rendered":"https:\/\/usaqmasinlari.az\/?post_type=product&#038;p=4335"},"modified":"2024-04-18T16:19:44","modified_gmt":"2024-04-18T16:19:44","slug":"mercedes-mayback","status":"publish","type":"product","link":"https:\/\/usaqmasinlari.az\/az\/mercedes-mayback\/","title":{"rendered":"Mercedes Maybach"},"content":{"rendered":"","protected":false},"excerpt":{"rendered":"<ul>\n<li>\u00d6l\u00e7\u00fcl\u0259ri 97 x 56 x 28 cm<\/li>\n<li>LED faralar<\/li>\n<li>Dinamik Musiqi Sistemi<\/li>\n<li>\u0130r\u0259li v\u0259 geri di\u015fli<\/li>\n<li>MP3, USB interfeysi v\u0259 AUX se\u00e7imi<\/li>\n<li>2.4 GHz Uzaqdan idar\u0259etm\u0259<\/li>\n<li>Sallanan funksiya<\/li>\n<li>\u00c7\u0259ki 35-40 kq<\/li>\n<li>1-5 ya\u015f<\/li>\n<\/ul>","protected":false},"featured_media":4337,"comment_status":"open","ping_status":"closed","template":"","meta":[],"product_brand":[],"product_cat":[15,86,88,117,114,71,112,113,118,115,116],"product_tag":[46],"class_list":{"0":"post-4335","1":"product","2":"type-product","3":"status-publish","4":"has-post-thumbnail","6":"product_cat-umumi","7":"product_cat-elektrik-masinlar","8":"product_cat-endirimler","9":"product_cat-pultlu-usaq-masinlari","10":"product_cat-sederek-usaq-masinlari","11":"product_cat-ucuz-usaq-masinlari","12":"product_cat-usaq-masinlari-qiymeti","13":"product_cat-usaq-masinlari-satisi","14":"product_cat-usaq-minik-masinlari","15":"product_cat-usaq-ucun-masinlar","16":"product_cat-usaq-ucun-park-masinlari","17":"product_tag-mercedes","19":"first","20":"instock","21":"sale","22":"featured","23":"shipping-taxable","24":"purchasable","25":"product-type-simple"},"_links":{"self":[{"href":"https:\/\/usaqmasinlari.az\/az\/wp-json\/wp\/v2\/product\/4335","targetHints":{"allow":["GET"]}}],"collection":[{"href":"https:\/\/usaqmasinlari.az\/az\/wp-json\/wp\/v2\/product"}],"about":[{"href":"https:\/\/usaqmasinlari.az\/az\/wp-json\/wp\/v2\/types\/product"}],"replies":[{"embeddable":true,"href":"https:\/\/usaqmasinlari.az\/az\/wp-json\/wp\/v2\/comments?post=4335"}],"wp:featuredmedia":[{"embeddable":true,"href":"https:\/\/usaqmasinlari.az\/az\/wp-json\/wp\/v2\/media\/4337"}],"wp:attachment":[{"href":"https:\/\/usaqmasinlari.az\/az\/wp-json\/wp\/v2\/media?parent=4335"}],"wp:term":[{"taxonomy":"product_brand","embeddable":true,"href":"https:\/\/usaqmasinlari.az\/az\/wp-json\/wp\/v2\/product_brand?post=4335"},{"taxonomy":"product_cat","embeddable":true,"href":"https:\/\/usaqmasinlari.az\/az\/wp-json\/wp\/v2\/product_cat?post=4335"},{"taxonomy":"product_tag","embeddable":true,"href":"https:\/\/usaqmasinlari.az\/az\/wp-json\/wp\/v2\/product_tag?post=4335"}],"curies":[{"name":"wp","href":"https:\/\/api.w.org\/{rel}","templated":true}]}}