{"id":4343,"date":"2024-05-05T14:37:02","date_gmt":"2024-05-05T14:37:02","guid":{"rendered":"https:\/\/usaqmasinlari.az\/?post_type=product&#038;p=4343"},"modified":"2024-05-05T14:44:18","modified_gmt":"2024-05-05T14:44:18","slug":"yeni-model-rubicon","status":"publish","type":"product","link":"https:\/\/usaqmasinlari.az\/az\/yeni-model-rubicon\/","title":{"rendered":"Yeni Model Rubicon 2024"},"content":{"rendered":"","protected":false},"excerpt":{"rendered":"<p>Ham\u0131n\u0131n axdard\u0131\u011f\u0131 model art\u0131q g\u0259ldi!<br \/>\nYeni Model Rubicon<br \/>\n\ud83c\udfce\ufe0fF\u0259rdi v\u0259 uzaqdan idar\u0259etm\u0259 imkan\u0131<br \/>\n\ud83d\udcbaKomfortlu oturacaq sistemi<br \/>\n\ud83d\udd34\u26aa\ufe0fR\u0259ng: q\u0131rm\u0131z\u0131 v\u0259 g\u00f6y<br \/>\n\ud83c\udfbdT\u0259hl\u00fck\u0259siz yol s\u00fcr\u00fc\u015f\u00fc<br \/>\n\ud83d\udea8Arxa v\u0259 \u00f6n faralar\u0131n i\u015f\u0131qland\u0131r\u0131lmas\u0131<br \/>\n\ud83c\udfbcUSB portdan musiqi d\u0259st\u0259yi<br \/>\n\ud83c\udfa4TF kart portdan musiqi d\u0259st\u0259yi<br \/>\n\ud83c\udfacStart\/Stop: Keyles Go<br \/>\n\u2014\u2014\u2014\u2014\u2014\u2014\u2014\u2014\u2014\u2014\u2014\u2014\u2014\u2014\u2014-<br \/>\n\ud83d\udd0bBatareya: 12V 7Ah<br \/>\n\ud83d\ude84S\u00fcr\u0259t: 3-5 km\/saat<br \/>\n\ud83e\ude9d\u00c7\u0259ki g\u00f6t\u00fcrm\u0259 qabiliyy\u0259ti: 35 kq-a q\u0259d\u0259r<br \/>\n\ud83d\ude80\u0130stifad\u0259 \u00fc\u00e7\u00fcn n\u0259z\u0259rd\u0259 tutulan ya\u015f h\u0259ddi: 1-6 ya\u015f<\/p>","protected":false},"featured_media":4350,"comment_status":"open","ping_status":"closed","template":"","meta":[],"product_brand":[],"product_cat":[113,86,114,71,112,118,115,116],"product_tag":[],"class_list":{"0":"post-4343","1":"product","2":"type-product","3":"status-publish","4":"has-post-thumbnail","6":"product_cat-usaq-masinlari-satisi","7":"product_cat-elektrik-masinlar","8":"product_cat-sederek-usaq-masinlari","9":"product_cat-ucuz-usaq-masinlari","10":"product_cat-usaq-masinlari-qiymeti","11":"product_cat-usaq-minik-masinlari","12":"product_cat-usaq-ucun-masinlar","13":"product_cat-usaq-ucun-park-masinlari","15":"first","16":"instock","17":"sale","18":"shipping-taxable","19":"purchasable","20":"product-type-simple"},"_links":{"self":[{"href":"https:\/\/usaqmasinlari.az\/az\/wp-json\/wp\/v2\/product\/4343","targetHints":{"allow":["GET"]}}],"collection":[{"href":"https:\/\/usaqmasinlari.az\/az\/wp-json\/wp\/v2\/product"}],"about":[{"href":"https:\/\/usaqmasinlari.az\/az\/wp-json\/wp\/v2\/types\/product"}],"replies":[{"embeddable":true,"href":"https:\/\/usaqmasinlari.az\/az\/wp-json\/wp\/v2\/comments?post=4343"}],"wp:featuredmedia":[{"embeddable":true,"href":"https:\/\/usaqmasinlari.az\/az\/wp-json\/wp\/v2\/media\/4350"}],"wp:attachment":[{"href":"https:\/\/usaqmasinlari.az\/az\/wp-json\/wp\/v2\/media?parent=4343"}],"wp:term":[{"taxonomy":"product_brand","embeddable":true,"href":"https:\/\/usaqmasinlari.az\/az\/wp-json\/wp\/v2\/product_brand?post=4343"},{"taxonomy":"product_cat","embeddable":true,"href":"https:\/\/usaqmasinlari.az\/az\/wp-json\/wp\/v2\/product_cat?post=4343"},{"taxonomy":"product_tag","embeddable":true,"href":"https:\/\/usaqmasinlari.az\/az\/wp-json\/wp\/v2\/product_tag?post=4343"}],"curies":[{"name":"wp","href":"https:\/\/api.w.org\/{rel}","templated":true}]}}