{"id":4416,"date":"2024-07-16T09:57:18","date_gmt":"2024-07-16T09:57:18","guid":{"rendered":"https:\/\/usaqmasinlari.az\/?post_type=product&#038;p=4416"},"modified":"2024-07-16T10:09:08","modified_gmt":"2024-07-16T10:09:08","slug":"jeep-tank-modeli-st-8988","status":"publish","type":"product","link":"https:\/\/usaqmasinlari.az\/az\/jeep-tank-modeli-st-8988\/","title":{"rendered":"Jeep Tank Modeli ST-8988"},"content":{"rendered":"","protected":false},"excerpt":{"rendered":"<p>D\u0259ri v\u0259 Komfortlu oturacaq<br \/>\n\ud83d\udedeRezin t\u0259k\u0259rl\u0259r<br \/>\n\ud83d\udd34R\u0259ng :Q\u0131rm\u0131z\u0131, ya\u015f\u0131l<br \/>\n\ud83c\udd98T\u0259hl\u00fck\u0259siz yol s\u00fcr\u00fc\u015f\u00fc<br \/>\n\ud83d\ude824\u00d74 m\u00fch\u0259rrik<br \/>\n\ud83c\udfa4Aux portdan musiqi d\u0259st\u0259yi<br \/>\n\ud83c\udfbcUSB portdan musiqi d\u0259st\u0259yi<br \/>\n\ud83d\ude80S\u00fcr\u0259t: 2.5-6 km\/saat<br \/>\n\ud83e\ude9d\u00a0\u00c7\u0259ki g\u00f6t\u00fcrm\u0259 qabiliyy\u0259ti 70 kq<br \/>\n\ud83d\udc76\u00a0\u0130sdifad\u0259 \u00fc\u00e7\u00fcn n\u0259z\u0259rd\u0259 tutulan ya\u015f h\u0259ddi 1-10 ya\u015f<br \/>\n\ud83d\udef5\u00a0\u00c7atd\u0131r\u0131lma rayonlara v\u0259 \u015f\u0259h\u0259r daxili m\u00f6vcuddur<\/p>","protected":false},"featured_media":4417,"comment_status":"open","ping_status":"closed","template":"","meta":[],"product_brand":[],"product_cat":[112,86,105,117,114,113,118,115,116],"product_tag":[],"class_list":{"0":"post-4416","1":"product","2":"type-product","3":"status-publish","4":"has-post-thumbnail","6":"product_cat-usaq-masinlari-qiymeti","7":"product_cat-elektrik-masinlar","8":"product_cat-pedalli-usaq-masinlari","9":"product_cat-pultlu-usaq-masinlari","10":"product_cat-sederek-usaq-masinlari","11":"product_cat-usaq-masinlari-satisi","12":"product_cat-usaq-minik-masinlari","13":"product_cat-usaq-ucun-masinlar","14":"product_cat-usaq-ucun-park-masinlari","16":"first","17":"instock","18":"sale","19":"featured","20":"shipping-taxable","21":"purchasable","22":"product-type-simple"},"_links":{"self":[{"href":"https:\/\/usaqmasinlari.az\/az\/wp-json\/wp\/v2\/product\/4416","targetHints":{"allow":["GET"]}}],"collection":[{"href":"https:\/\/usaqmasinlari.az\/az\/wp-json\/wp\/v2\/product"}],"about":[{"href":"https:\/\/usaqmasinlari.az\/az\/wp-json\/wp\/v2\/types\/product"}],"replies":[{"embeddable":true,"href":"https:\/\/usaqmasinlari.az\/az\/wp-json\/wp\/v2\/comments?post=4416"}],"wp:featuredmedia":[{"embeddable":true,"href":"https:\/\/usaqmasinlari.az\/az\/wp-json\/wp\/v2\/media\/4417"}],"wp:attachment":[{"href":"https:\/\/usaqmasinlari.az\/az\/wp-json\/wp\/v2\/media?parent=4416"}],"wp:term":[{"taxonomy":"product_brand","embeddable":true,"href":"https:\/\/usaqmasinlari.az\/az\/wp-json\/wp\/v2\/product_brand?post=4416"},{"taxonomy":"product_cat","embeddable":true,"href":"https:\/\/usaqmasinlari.az\/az\/wp-json\/wp\/v2\/product_cat?post=4416"},{"taxonomy":"product_tag","embeddable":true,"href":"https:\/\/usaqmasinlari.az\/az\/wp-json\/wp\/v2\/product_tag?post=4416"}],"curies":[{"name":"wp","href":"https:\/\/api.w.org\/{rel}","templated":true}]}}