{"id":4422,"date":"2024-07-16T10:01:00","date_gmt":"2024-07-16T10:01:00","guid":{"rendered":"https:\/\/usaqmasinlari.az\/?post_type=product&#038;p=4422"},"modified":"2024-07-16T10:08:59","modified_gmt":"2024-07-16T10:08:59","slug":"mercedes-g-class-vip","status":"publish","type":"product","link":"https:\/\/usaqmasinlari.az\/az\/mercedes-g-class-vip\/","title":{"rendered":"Mercedes G Class V\u0130P"},"content":{"rendered":"","protected":false},"excerpt":{"rendered":"<p>F\u0259rdi v\u0259 uzaqdan idar\u0259etm\u0259 imkan\u0131<br \/>\n\ud83d\udcbaKomfortlu oturacaq sistemi<br \/>\n\ud83d\udd34\u26aa\ufe0fR\u0259ng: qara,a\u011f,boz,q\u0131rm\u0131z\u0131 v\u0259 g\u00f6y<br \/>\n\ud83c\udfbdT\u0259hl\u00fck\u0259siz yol s\u00fcr\u00fc\u015f\u00fc<br \/>\n\ud83d\udea8Arxa v\u0259 \u00f6n faralar\u0131n i\u015f\u0131qland\u0131r\u0131lmas\u0131<br \/>\n\ud83c\udfbcUSB portdan musiqi d\u0259st\u0259yi<br \/>\n\ud83c\udfa4TF kart portdan musiqi d\u0259st\u0259yi<br \/>\n\ud83c\udfacStart\/Stop: Keyles Go<br \/>\n\u2014\u2014\u2014\u2014\u2014\u2014\u2014\u2014\u2014\u2014\u2014\u2014\u2014\u2014\u2014-<br \/>\n\ud83d\udd0bBatareya: 12V 7Ah<br \/>\n\ud83d\ude84S\u00fcr\u0259t: 3-5 km\/saat<br \/>\n\ud83e\ude9d\u00c7\u0259ki g\u00f6t\u00fcrm\u0259 qabiliyy\u0259ti: 30 kq-a q\u0259d\u0259r<br \/>\n\ud83d\ude80\u0130stifad\u0259 \u00fc\u00e7\u00fcn n\u0259z\u0259rd\u0259 tutulan ya\u015f h\u0259ddi: 1-6 ya\u015f<br \/>\n\u00d6l\u00e7\u00fcl\u0259ri: 106\u00d762\u00d754sm<\/p>","protected":false},"featured_media":4423,"comment_status":"open","ping_status":"closed","template":"","meta":[],"product_brand":[],"product_cat":[86,88,105,117,114,71,112,113,118,115,116],"product_tag":[],"class_list":{"0":"post-4422","1":"product","2":"type-product","3":"status-publish","4":"has-post-thumbnail","6":"product_cat-elektrik-masinlar","7":"product_cat-endirimler","8":"product_cat-pedalli-usaq-masinlari","9":"product_cat-pultlu-usaq-masinlari","10":"product_cat-sederek-usaq-masinlari","11":"product_cat-ucuz-usaq-masinlari","12":"product_cat-usaq-masinlari-qiymeti","13":"product_cat-usaq-masinlari-satisi","14":"product_cat-usaq-minik-masinlari","15":"product_cat-usaq-ucun-masinlar","16":"product_cat-usaq-ucun-park-masinlari","18":"first","19":"instock","20":"sale","21":"featured","22":"shipping-taxable","23":"purchasable","24":"product-type-simple"},"_links":{"self":[{"href":"https:\/\/usaqmasinlari.az\/az\/wp-json\/wp\/v2\/product\/4422","targetHints":{"allow":["GET"]}}],"collection":[{"href":"https:\/\/usaqmasinlari.az\/az\/wp-json\/wp\/v2\/product"}],"about":[{"href":"https:\/\/usaqmasinlari.az\/az\/wp-json\/wp\/v2\/types\/product"}],"replies":[{"embeddable":true,"href":"https:\/\/usaqmasinlari.az\/az\/wp-json\/wp\/v2\/comments?post=4422"}],"wp:featuredmedia":[{"embeddable":true,"href":"https:\/\/usaqmasinlari.az\/az\/wp-json\/wp\/v2\/media\/4423"}],"wp:attachment":[{"href":"https:\/\/usaqmasinlari.az\/az\/wp-json\/wp\/v2\/media?parent=4422"}],"wp:term":[{"taxonomy":"product_brand","embeddable":true,"href":"https:\/\/usaqmasinlari.az\/az\/wp-json\/wp\/v2\/product_brand?post=4422"},{"taxonomy":"product_cat","embeddable":true,"href":"https:\/\/usaqmasinlari.az\/az\/wp-json\/wp\/v2\/product_cat?post=4422"},{"taxonomy":"product_tag","embeddable":true,"href":"https:\/\/usaqmasinlari.az\/az\/wp-json\/wp\/v2\/product_tag?post=4422"}],"curies":[{"name":"wp","href":"https:\/\/api.w.org\/{rel}","templated":true}]}}