{"id":4428,"date":"2024-07-16T10:03:49","date_gmt":"2024-07-16T10:03:49","guid":{"rendered":"https:\/\/usaqmasinlari.az\/?post_type=product&#038;p=4428"},"modified":"2024-07-16T10:08:41","modified_gmt":"2024-07-16T10:08:41","slug":"jeep-rubicon-modeli","status":"publish","type":"product","link":"https:\/\/usaqmasinlari.az\/az\/jeep-rubicon-modeli\/","title":{"rendered":"Jeep Rubicon Modeli"},"content":{"rendered":"","protected":false},"excerpt":{"rendered":"<div class=\"col-md-12 col-xs-6 break\">\n<div class=\"woocommerce-product-details__short-description\">\n<p>\ud83c\udfaeF\u0259rdi v\u0259 pultla idar\u0259etm\u0259<br \/>\n\ud83d\udedeRezin t\u0259k\u0259rl\u0259r<br \/>\n\ud83d\udcbaD\u0259ri v\u0259 komfortlu oturacaq<br \/>\n\u2699\ufe0f\u00a02 mator<br \/>\n\ud83c\udfbdT\u0259hl\u00fck\u0259sizlik k\u0259m\u0259ri<br \/>\n\ud83d\udd11Start stopla i\u015f\u0259salma<br \/>\n\ud83c\udfb5Mp3, Aux v\u0259 Usb d\u0259st\u0259yi<br \/>\n\ud83e\ude9dY\u00fckg\u00f6t\u00fcrm\u0259 qabiliyy\u0259ti 35 kq<br \/>\n\ud83e\uddd1\u200d\ud83c\udf7cN\u0259nni funksiyas\u0131<br \/>\n\ud83d\udef5\u00c7atd\u0131r\u0131lma \u015f\u0259h\u0259r daxili v\u0259 rayonlara m\u00f6vcuddur!<\/p>\n<\/div>\n<\/div>\n<div class=\"col-md-12 col-xs-6 ip-buttons-block break\"><\/div>","protected":false},"featured_media":4429,"comment_status":"open","ping_status":"closed","template":"","meta":[],"product_brand":[],"product_cat":[86,88,105,117,114,71,112,113,118,115,116],"product_tag":[],"class_list":{"0":"post-4428","1":"product","2":"type-product","3":"status-publish","4":"has-post-thumbnail","6":"product_cat-elektrik-masinlar","7":"product_cat-endirimler","8":"product_cat-pedalli-usaq-masinlari","9":"product_cat-pultlu-usaq-masinlari","10":"product_cat-sederek-usaq-masinlari","11":"product_cat-ucuz-usaq-masinlari","12":"product_cat-usaq-masinlari-qiymeti","13":"product_cat-usaq-masinlari-satisi","14":"product_cat-usaq-minik-masinlari","15":"product_cat-usaq-ucun-masinlar","16":"product_cat-usaq-ucun-park-masinlari","18":"first","19":"instock","20":"sale","21":"featured","22":"shipping-taxable","23":"purchasable","24":"product-type-simple"},"_links":{"self":[{"href":"https:\/\/usaqmasinlari.az\/az\/wp-json\/wp\/v2\/product\/4428","targetHints":{"allow":["GET"]}}],"collection":[{"href":"https:\/\/usaqmasinlari.az\/az\/wp-json\/wp\/v2\/product"}],"about":[{"href":"https:\/\/usaqmasinlari.az\/az\/wp-json\/wp\/v2\/types\/product"}],"replies":[{"embeddable":true,"href":"https:\/\/usaqmasinlari.az\/az\/wp-json\/wp\/v2\/comments?post=4428"}],"wp:featuredmedia":[{"embeddable":true,"href":"https:\/\/usaqmasinlari.az\/az\/wp-json\/wp\/v2\/media\/4429"}],"wp:attachment":[{"href":"https:\/\/usaqmasinlari.az\/az\/wp-json\/wp\/v2\/media?parent=4428"}],"wp:term":[{"taxonomy":"product_brand","embeddable":true,"href":"https:\/\/usaqmasinlari.az\/az\/wp-json\/wp\/v2\/product_brand?post=4428"},{"taxonomy":"product_cat","embeddable":true,"href":"https:\/\/usaqmasinlari.az\/az\/wp-json\/wp\/v2\/product_cat?post=4428"},{"taxonomy":"product_tag","embeddable":true,"href":"https:\/\/usaqmasinlari.az\/az\/wp-json\/wp\/v2\/product_tag?post=4428"}],"curies":[{"name":"wp","href":"https:\/\/api.w.org\/{rel}","templated":true}]}}