{"id":4470,"date":"2024-07-21T10:27:40","date_gmt":"2024-07-21T10:27:40","guid":{"rendered":"https:\/\/usaqmasinlari.az\/?post_type=product&#038;p=4470"},"modified":"2024-07-21T10:29:33","modified_gmt":"2024-07-21T10:29:33","slug":"bmw-x8","status":"publish","type":"product","link":"https:\/\/usaqmasinlari.az\/az\/bmw-x8\/","title":{"rendered":"BMW X8"},"content":{"rendered":"","protected":false},"excerpt":{"rendered":"<p>\ud83c\udfaePultla uzaqdan idar\u0259 etm\u0259 funksiyas\u0131<br \/>\n\ud83d\udedeRezin t\u0259k\u0259rl\u0259r<br \/>\n\ud83d\udcbaD\u0259ri Oturacaxlar<br \/>\n\u2699\ufe0f4 mator<br \/>\n\ud83c\udfbdT\u0259hl\u00fck\u0259sizlik k\u0259m\u0259rl\u0259ri<br \/>\n\ud83e\ude9d\u00c7\u0259ki g\u00f6t\u00fcrm\u0259 qabiliyy\u0259ti 50 kq<br \/>\n\ud83d\udc76Ya\u015f qrupu 6-7 ya\u015f<br \/>\n\ud83d\udef5\u00c7atd\u0131r\u0131lma \u015f\u0259h\u0259rdaxili v\u0259 rayonlara m\u00f6vcuddur!<\/p>","protected":false},"featured_media":4471,"comment_status":"open","ping_status":"closed","template":"","meta":[],"product_brand":[],"product_cat":[86,105,117,114,71,112,113,118,115,116],"product_tag":[],"class_list":{"0":"post-4470","1":"product","2":"type-product","3":"status-publish","4":"has-post-thumbnail","6":"product_cat-elektrik-masinlar","7":"product_cat-pedalli-usaq-masinlari","8":"product_cat-pultlu-usaq-masinlari","9":"product_cat-sederek-usaq-masinlari","10":"product_cat-ucuz-usaq-masinlari","11":"product_cat-usaq-masinlari-qiymeti","12":"product_cat-usaq-masinlari-satisi","13":"product_cat-usaq-minik-masinlari","14":"product_cat-usaq-ucun-masinlar","15":"product_cat-usaq-ucun-park-masinlari","17":"first","18":"instock","19":"sale","20":"shipping-taxable","21":"purchasable","22":"product-type-simple"},"_links":{"self":[{"href":"https:\/\/usaqmasinlari.az\/az\/wp-json\/wp\/v2\/product\/4470","targetHints":{"allow":["GET"]}}],"collection":[{"href":"https:\/\/usaqmasinlari.az\/az\/wp-json\/wp\/v2\/product"}],"about":[{"href":"https:\/\/usaqmasinlari.az\/az\/wp-json\/wp\/v2\/types\/product"}],"replies":[{"embeddable":true,"href":"https:\/\/usaqmasinlari.az\/az\/wp-json\/wp\/v2\/comments?post=4470"}],"wp:featuredmedia":[{"embeddable":true,"href":"https:\/\/usaqmasinlari.az\/az\/wp-json\/wp\/v2\/media\/4471"}],"wp:attachment":[{"href":"https:\/\/usaqmasinlari.az\/az\/wp-json\/wp\/v2\/media?parent=4470"}],"wp:term":[{"taxonomy":"product_brand","embeddable":true,"href":"https:\/\/usaqmasinlari.az\/az\/wp-json\/wp\/v2\/product_brand?post=4470"},{"taxonomy":"product_cat","embeddable":true,"href":"https:\/\/usaqmasinlari.az\/az\/wp-json\/wp\/v2\/product_cat?post=4470"},{"taxonomy":"product_tag","embeddable":true,"href":"https:\/\/usaqmasinlari.az\/az\/wp-json\/wp\/v2\/product_tag?post=4470"}],"curies":[{"name":"wp","href":"https:\/\/api.w.org\/{rel}","templated":true}]}}