{"id":4626,"date":"2025-08-21T19:31:17","date_gmt":"2025-08-21T19:31:17","guid":{"rendered":"https:\/\/usaqmasinlari.az\/?post_type=product&#038;p=4626"},"modified":"2025-08-21T19:32:57","modified_gmt":"2025-08-21T19:32:57","slug":"elektrikli-velosiped-disiyuan-super-s9","status":"publish","type":"product","link":"https:\/\/usaqmasinlari.az\/az\/elektrikli-velosiped-disiyuan-super-s9\/","title":{"rendered":"Elektrikli Velosiped &#8211; Disiyuan Super S9 ( Status: \u0130kinci \u0259l)"},"content":{"rendered":"","protected":false},"excerpt":{"rendered":"<p>\ud83d\ude80 <strong data-start=\"87\" data-end=\"106\">Maksimal s\u00fcr\u0259t:<\/strong> 48 km\/s<br data-start=\"114\" data-end=\"117\" \/>\ud83d\udd0b <strong data-start=\"120\" data-end=\"161\">Tam dolu batareya il\u0259 gedi\u015f ehtiyat\u0131:<\/strong> 80 km<br data-start=\"167\" data-end=\"170\" data-is-only-node=\"\" \/>\u26a1 <strong data-start=\"172\" data-end=\"180\">G\u00fcc:<\/strong> 1000 Vt<br data-start=\"188\" data-end=\"191\" \/>\ud83c\udfcb\ufe0f <strong data-start=\"195\" data-end=\"231\">Maksimal y\u00fckg\u00f6t\u00fcrm\u0259 qabiliyy\u0259ti:<\/strong> 150 kq<br data-start=\"238\" data-end=\"241\" \/>\ud83d\uded1 <strong data-start=\"244\" data-end=\"262\">\u018fyl\u0259c sistemi:<\/strong> Disk<br data-start=\"267\" data-end=\"270\" \/>\ud83c\udfa8 <strong data-start=\"273\" data-end=\"284\">Dizayn:<\/strong> Al\u00fcminium \u00e7\u0259r\u00e7iv\u0259<\/p>","protected":false},"featured_media":4627,"comment_status":"open","ping_status":"closed","template":"","meta":[],"product_brand":[],"product_cat":[86,88,67,105,113,118,115,116],"product_tag":[],"class_list":{"0":"post-4626","1":"product","2":"type-product","3":"status-publish","4":"has-post-thumbnail","6":"product_cat-elektrik-masinlar","7":"product_cat-endirimler","8":"product_cat-motosikletler","9":"product_cat-pedalli-usaq-masinlari","10":"product_cat-usaq-masinlari-satisi","11":"product_cat-usaq-minik-masinlari","12":"product_cat-usaq-ucun-masinlar","13":"product_cat-usaq-ucun-park-masinlari","15":"first","16":"instock","17":"sale","18":"featured","19":"shipping-taxable","20":"purchasable","21":"product-type-simple"},"_links":{"self":[{"href":"https:\/\/usaqmasinlari.az\/az\/wp-json\/wp\/v2\/product\/4626","targetHints":{"allow":["GET"]}}],"collection":[{"href":"https:\/\/usaqmasinlari.az\/az\/wp-json\/wp\/v2\/product"}],"about":[{"href":"https:\/\/usaqmasinlari.az\/az\/wp-json\/wp\/v2\/types\/product"}],"replies":[{"embeddable":true,"href":"https:\/\/usaqmasinlari.az\/az\/wp-json\/wp\/v2\/comments?post=4626"}],"wp:featuredmedia":[{"embeddable":true,"href":"https:\/\/usaqmasinlari.az\/az\/wp-json\/wp\/v2\/media\/4627"}],"wp:attachment":[{"href":"https:\/\/usaqmasinlari.az\/az\/wp-json\/wp\/v2\/media?parent=4626"}],"wp:term":[{"taxonomy":"product_brand","embeddable":true,"href":"https:\/\/usaqmasinlari.az\/az\/wp-json\/wp\/v2\/product_brand?post=4626"},{"taxonomy":"product_cat","embeddable":true,"href":"https:\/\/usaqmasinlari.az\/az\/wp-json\/wp\/v2\/product_cat?post=4626"},{"taxonomy":"product_tag","embeddable":true,"href":"https:\/\/usaqmasinlari.az\/az\/wp-json\/wp\/v2\/product_tag?post=4626"}],"curies":[{"name":"wp","href":"https:\/\/api.w.org\/{rel}","templated":true}]}}